{"id":52415,"date":"2019-04-09T19:33:30","date_gmt":"2019-04-09T19:33:30","guid":{"rendered":"https:\/\/new.ilmoliulampar.is\/product\/park-lane-tea\/"},"modified":"2025-11-10T15:10:16","modified_gmt":"2025-11-10T15:10:16","slug":"park-lane-tea","status":"publish","type":"product","link":"https:\/\/ilmoliulampar.is\/en_gb\/product\/park-lane-tea\/","title":{"rendered":"PARK LANE TEA &#8211; Made by Zen"},"content":{"rendered":"","protected":false},"excerpt":{"rendered":"<p>Park Lane Tea<\/p>\n<p>Hindber, Svart te, kardimommur, s\u00edtr\u00f3na &amp; k\u00f3koshneta<\/p>\n<p>&nbsp;<\/p>","protected":false},"featured_media":41334,"comment_status":"closed","ping_status":"closed","template":"","meta":[],"product_brand":[],"product_cat":[195,108],"product_tag":[],"class_list":{"0":"post-52415","1":"product","2":"type-product","3":"status-publish","4":"has-post-thumbnail","6":"product_cat-ilmoliur-oliur","7":"product_cat-oliur","9":"first","10":"instock","11":"shipping-taxable","12":"purchasable","13":"product-type-simple"},"_links":{"self":[{"href":"https:\/\/ilmoliulampar.is\/en_gb\/wp-json\/wp\/v2\/product\/52415","targetHints":{"allow":["GET"]}}],"collection":[{"href":"https:\/\/ilmoliulampar.is\/en_gb\/wp-json\/wp\/v2\/product"}],"about":[{"href":"https:\/\/ilmoliulampar.is\/en_gb\/wp-json\/wp\/v2\/types\/product"}],"replies":[{"embeddable":true,"href":"https:\/\/ilmoliulampar.is\/en_gb\/wp-json\/wp\/v2\/comments?post=52415"}],"wp:featuredmedia":[{"embeddable":true,"href":"https:\/\/ilmoliulampar.is\/en_gb\/wp-json\/wp\/v2\/media\/41334"}],"wp:attachment":[{"href":"https:\/\/ilmoliulampar.is\/en_gb\/wp-json\/wp\/v2\/media?parent=52415"}],"wp:term":[{"taxonomy":"product_brand","embeddable":true,"href":"https:\/\/ilmoliulampar.is\/en_gb\/wp-json\/wp\/v2\/product_brand?post=52415"},{"taxonomy":"product_cat","embeddable":true,"href":"https:\/\/ilmoliulampar.is\/en_gb\/wp-json\/wp\/v2\/product_cat?post=52415"},{"taxonomy":"product_tag","embeddable":true,"href":"https:\/\/ilmoliulampar.is\/en_gb\/wp-json\/wp\/v2\/product_tag?post=52415"}],"curies":[{"name":"wp","href":"https:\/\/api.w.org\/{rel}","templated":true}]}}