{"id":52478,"date":"2019-07-09T17:50:48","date_gmt":"2019-07-09T17:50:48","guid":{"rendered":"https:\/\/new.ilmoliulampar.is\/product\/11803\/"},"modified":"2026-02-17T16:32:26","modified_gmt":"2026-02-17T16:32:26","slug":"11803","status":"publish","type":"product","link":"https:\/\/ilmoliulampar.is\/en_gb\/product\/11803\/","title":{"rendered":"Eco by Sonya &#8211; Super Fruit Toner"},"content":{"rendered":"","protected":false},"excerpt":{"rendered":"<p>\u00deessi toner gerir allt sem toner \u00e1 a\u00f0 gera! H\u00e1lpar til vi\u00f0 a\u00f0 b\u00e6ta lj\u00f3ma h\u00fa\u00f0arinnar, minkar s\u00fdnileika hrukka, kemur \u00ed veg fyrir ro\u00f0a \u00ed h\u00fa\u00f0inni og hreinsar h\u00fa\u00f0ina, fullkomin fyrir \u00fe\u00e1 sem eru me\u00f0 \u00feurra h\u00fa\u00f0, \u00fev\u00ed Super Fruit toner-inn er vi\u00f0heldur rakastigi h\u00fa\u00f0arinnar, og kemur \u00ed veg fyrir b\u00f3lumyndun, og hann blokkar ekki svitaholurnar!<\/p>\n<p>Eitt af a\u00f0al innihaldsefninu \u00ed Super Fruit Toner er Kaduku pl\u00f3ma! Sem inniheldur einstaklega miki\u00f0 af C v\u00edtam\u00edni, en C v\u00edtam\u00edn er ekki bara gott til a\u00f0 losa sig vi\u00f0 kvef, heldur er \u00fea\u00f0 \u00f6flugt andoxunarefni, sem eykur lj\u00f3ma, minnkar hrukkur, hreinsar h\u00fa\u00f0ina \u00e1n \u00feess \u00fe\u00f3 a\u00f0 pirra hana.<\/p>","protected":false},"featured_media":56878,"comment_status":"closed","ping_status":"closed","template":"","meta":[],"product_brand":[],"product_cat":[129,191],"product_tag":[],"class_list":{"0":"post-52478","1":"product","2":"type-product","3":"status-publish","4":"has-post-thumbnail","6":"product_cat-eco-by-sonya","7":"product_cat-hud-og-snyrtivorur","9":"first","10":"instock","11":"shipping-taxable","12":"purchasable","13":"product-type-simple"},"_links":{"self":[{"href":"https:\/\/ilmoliulampar.is\/en_gb\/wp-json\/wp\/v2\/product\/52478","targetHints":{"allow":["GET"]}}],"collection":[{"href":"https:\/\/ilmoliulampar.is\/en_gb\/wp-json\/wp\/v2\/product"}],"about":[{"href":"https:\/\/ilmoliulampar.is\/en_gb\/wp-json\/wp\/v2\/types\/product"}],"replies":[{"embeddable":true,"href":"https:\/\/ilmoliulampar.is\/en_gb\/wp-json\/wp\/v2\/comments?post=52478"}],"wp:featuredmedia":[{"embeddable":true,"href":"https:\/\/ilmoliulampar.is\/en_gb\/wp-json\/wp\/v2\/media\/56878"}],"wp:attachment":[{"href":"https:\/\/ilmoliulampar.is\/en_gb\/wp-json\/wp\/v2\/media?parent=52478"}],"wp:term":[{"taxonomy":"product_brand","embeddable":true,"href":"https:\/\/ilmoliulampar.is\/en_gb\/wp-json\/wp\/v2\/product_brand?post=52478"},{"taxonomy":"product_cat","embeddable":true,"href":"https:\/\/ilmoliulampar.is\/en_gb\/wp-json\/wp\/v2\/product_cat?post=52478"},{"taxonomy":"product_tag","embeddable":true,"href":"https:\/\/ilmoliulampar.is\/en_gb\/wp-json\/wp\/v2\/product_tag?post=52478"}],"curies":[{"name":"wp","href":"https:\/\/api.w.org\/{rel}","templated":true}]}}