{"id":52482,"date":"2019-07-15T13:20:42","date_gmt":"2019-07-15T13:20:42","guid":{"rendered":"https:\/\/new.ilmoliulampar.is\/product\/charcoal-tannhvittunarduft-bambus-tannbursti\/"},"modified":"2025-02-04T14:40:38","modified_gmt":"2025-02-04T14:40:38","slug":"charcoal-tannhvittunarduft-bambus-tannbursti","status":"publish","type":"product","link":"https:\/\/ilmoliulampar.is\/en_gb\/product\/charcoal-tannhvittunarduft-bambus-tannbursti\/","title":{"rendered":"CHARCOAL tannhv\u00edttunarduft + bambus tannbursti   FR\u00c1B\u00c6RT VER\u00d0"},"content":{"rendered":"","protected":false},"excerpt":{"rendered":"<p>CHARCOAL tannhv\u00edttunardufti\u00f0 er n\u00fa f\u00e1anlegt me\u00f0 3 n\u00fdjum brag\u00f0tegundum:<\/p>\n<p>Jar\u00f0aberja &#8211; S\u00edtr\u00f3nu &#8211; Mintu og gamla g\u00f3\u00f0a orginal (svarta)<\/p>\n<p>N\u00e1tt\u00farulegt hv\u00edttunarefni <span class=\"text_exposed_show\"><br \/>\n&#8211; Styrkir glerunginn og afeitrar munninn, gerir andardr\u00e1ttinn betri og ferskari.<br \/>\n\u00de\u00fa einfaldlega d\u00fdfir tannburstanum \u00ed dufti\u00f0 og burstar tennurnar me\u00f0 litlum hringlaga hreyfingum \u00ed ca 2 m\u00edn \u2013 skolar og brosir<br \/>\nFinnur strax muninn hva\u00f0 tennurnar ver\u00f0a miklu hreinni og ferskari.<br \/>\nS\u00e9r\u00f0 l\u00edka strax litamun, sem ver\u00f0ur meiri eftir nokkur skipti.<\/span><\/p>\n<div class=\"text_exposed_show\">\n<p>ATH a\u00f0 bambus tannburstinn fylgjir me\u00f0! <span class=\"_47e3 _5mfr\" title=\"wink emoticon\"><img decoding=\"async\" class=\"img\" role=\"presentation\" src=\"https:\/\/static.xx.fbcdn.net\/images\/emoji.php\/v9\/t57\/1\/16\/1f609.png\" alt=\"\" width=\"16\" height=\"16\" \/><\/span><\/p>\n<p>&nbsp;<\/p>\n<p>Inniheldur: m.a mulda k\u00f3koshnetuskel, hreinsu\u00f0 lyfjakol, l\u00edfr\u00e6na k\u00f3kosol\u00edu, s\u00edtr\u00f3nulauf og myntu<\/p>\n<\/div>","protected":false},"featured_media":41566,"comment_status":"closed","ping_status":"closed","template":"","meta":[],"product_brand":[],"product_cat":[112,122,121],"product_tag":[],"class_list":{"0":"post-52482","1":"product","2":"type-product","3":"status-publish","4":"has-post-thumbnail","6":"product_cat-adrar-vorur","7":"product_cat-tannhvittun","8":"product_cat-tilbod-adrar-vorur","10":"first","11":"instock","12":"sale","13":"shipping-taxable","14":"purchasable","15":"product-type-variable"},"_links":{"self":[{"href":"https:\/\/ilmoliulampar.is\/en_gb\/wp-json\/wp\/v2\/product\/52482","targetHints":{"allow":["GET"]}}],"collection":[{"href":"https:\/\/ilmoliulampar.is\/en_gb\/wp-json\/wp\/v2\/product"}],"about":[{"href":"https:\/\/ilmoliulampar.is\/en_gb\/wp-json\/wp\/v2\/types\/product"}],"replies":[{"embeddable":true,"href":"https:\/\/ilmoliulampar.is\/en_gb\/wp-json\/wp\/v2\/comments?post=52482"}],"wp:featuredmedia":[{"embeddable":true,"href":"https:\/\/ilmoliulampar.is\/en_gb\/wp-json\/wp\/v2\/media\/41566"}],"wp:attachment":[{"href":"https:\/\/ilmoliulampar.is\/en_gb\/wp-json\/wp\/v2\/media?parent=52482"}],"wp:term":[{"taxonomy":"product_brand","embeddable":true,"href":"https:\/\/ilmoliulampar.is\/en_gb\/wp-json\/wp\/v2\/product_brand?post=52482"},{"taxonomy":"product_cat","embeddable":true,"href":"https:\/\/ilmoliulampar.is\/en_gb\/wp-json\/wp\/v2\/product_cat?post=52482"},{"taxonomy":"product_tag","embeddable":true,"href":"https:\/\/ilmoliulampar.is\/en_gb\/wp-json\/wp\/v2\/product_tag?post=52482"}],"curies":[{"name":"wp","href":"https:\/\/api.w.org\/{rel}","templated":true}]}}