{"id":52518,"date":"2019-11-06T15:25:46","date_gmt":"2019-11-06T15:25:46","guid":{"rendered":"https:\/\/new.ilmoliulampar.is\/product\/white-christmas-yankee-candle-type\/"},"modified":"2025-11-13T11:55:22","modified_gmt":"2025-11-13T11:55:22","slug":"white-christmas-yankee-candle-type","status":"publish","type":"product","link":"https:\/\/ilmoliulampar.is\/en_gb\/product\/white-christmas-yankee-candle-type\/","title":{"rendered":"WHITE CHRISTMAS &#8211; YANKEE TYPE"},"content":{"rendered":"","protected":false},"excerpt":{"rendered":"<p>White Christmas ilmol\u00edan er J\u00d3L \u00cd FL\u00d6SKU!<\/p>\n<p>Blanda af greni, cedar berki &amp; eucalyptus!<br \/>\n10 ml glas.<\/p>\n<p>ATH um er a\u00f0 r\u00e6\u00f0a ilmol\u00edu, myndin er til \u00feess notu\u00f0 til a\u00f0 s\u00fdna um hva\u00f0a ilm er a\u00f0 r\u00e6\u00f0a.<\/p>","protected":false},"featured_media":41686,"comment_status":"closed","ping_status":"closed","template":"","meta":[],"product_brand":[],"product_cat":[195,197,108],"product_tag":[],"class_list":{"0":"post-52518","1":"product","2":"type-product","3":"status-publish","4":"has-post-thumbnail","6":"product_cat-ilmoliur-oliur","7":"product_cat-jolaoliur-oliur","8":"product_cat-oliur","10":"first","11":"instock","12":"shipping-taxable","13":"purchasable","14":"product-type-simple"},"_links":{"self":[{"href":"https:\/\/ilmoliulampar.is\/en_gb\/wp-json\/wp\/v2\/product\/52518","targetHints":{"allow":["GET"]}}],"collection":[{"href":"https:\/\/ilmoliulampar.is\/en_gb\/wp-json\/wp\/v2\/product"}],"about":[{"href":"https:\/\/ilmoliulampar.is\/en_gb\/wp-json\/wp\/v2\/types\/product"}],"replies":[{"embeddable":true,"href":"https:\/\/ilmoliulampar.is\/en_gb\/wp-json\/wp\/v2\/comments?post=52518"}],"wp:featuredmedia":[{"embeddable":true,"href":"https:\/\/ilmoliulampar.is\/en_gb\/wp-json\/wp\/v2\/media\/41686"}],"wp:attachment":[{"href":"https:\/\/ilmoliulampar.is\/en_gb\/wp-json\/wp\/v2\/media?parent=52518"}],"wp:term":[{"taxonomy":"product_brand","embeddable":true,"href":"https:\/\/ilmoliulampar.is\/en_gb\/wp-json\/wp\/v2\/product_brand?post=52518"},{"taxonomy":"product_cat","embeddable":true,"href":"https:\/\/ilmoliulampar.is\/en_gb\/wp-json\/wp\/v2\/product_cat?post=52518"},{"taxonomy":"product_tag","embeddable":true,"href":"https:\/\/ilmoliulampar.is\/en_gb\/wp-json\/wp\/v2\/product_tag?post=52518"}],"curies":[{"name":"wp","href":"https:\/\/api.w.org\/{rel}","templated":true}]}}