{"id":52529,"date":"2019-11-19T16:05:35","date_gmt":"2019-11-19T16:05:35","guid":{"rendered":"https:\/\/new.ilmoliulampar.is\/product\/warm-vanilla-sugar-type-bb-type\/"},"modified":"2026-03-11T14:25:22","modified_gmt":"2026-03-11T14:25:22","slug":"warm-vanilla-sugar-type-bb-type","status":"publish","type":"product","link":"https:\/\/ilmoliulampar.is\/en_gb\/product\/warm-vanilla-sugar-type-bb-type\/","title":{"rendered":"WARM VANILLA SUGAR &#8211; BBW"},"content":{"rendered":"","protected":false},"excerpt":{"rendered":"<p>Warm Vanilla Sugar <em><strong>ilmol\u00eda<\/strong><\/em>, BBW type<\/p>\n<p>Hl\u00fd &amp; mj\u00fak vanilla \u00ed bland vi\u00f0 sykur og bl\u00f3mat\u00f3na.<\/p>\n<p>&nbsp;<\/p>\n<p><em>(Ath, um er a\u00f0 r\u00e6\u00f0a ilmol\u00edu, myndin er a\u00f0eins notu\u00f0 til \u00feess a\u00f0 l\u00fdsa ilminum sem um r\u00e6\u00f0ir)<\/em><\/p>","protected":false},"featured_media":41715,"comment_status":"closed","ping_status":"closed","template":"","meta":[],"product_brand":[],"product_cat":[195,108],"product_tag":[],"class_list":{"0":"post-52529","1":"product","2":"type-product","3":"status-publish","4":"has-post-thumbnail","6":"product_cat-ilmoliur-oliur","7":"product_cat-oliur","9":"first","10":"instock","11":"shipping-taxable","12":"purchasable","13":"product-type-simple"},"_links":{"self":[{"href":"https:\/\/ilmoliulampar.is\/en_gb\/wp-json\/wp\/v2\/product\/52529","targetHints":{"allow":["GET"]}}],"collection":[{"href":"https:\/\/ilmoliulampar.is\/en_gb\/wp-json\/wp\/v2\/product"}],"about":[{"href":"https:\/\/ilmoliulampar.is\/en_gb\/wp-json\/wp\/v2\/types\/product"}],"replies":[{"embeddable":true,"href":"https:\/\/ilmoliulampar.is\/en_gb\/wp-json\/wp\/v2\/comments?post=52529"}],"wp:featuredmedia":[{"embeddable":true,"href":"https:\/\/ilmoliulampar.is\/en_gb\/wp-json\/wp\/v2\/media\/41715"}],"wp:attachment":[{"href":"https:\/\/ilmoliulampar.is\/en_gb\/wp-json\/wp\/v2\/media?parent=52529"}],"wp:term":[{"taxonomy":"product_brand","embeddable":true,"href":"https:\/\/ilmoliulampar.is\/en_gb\/wp-json\/wp\/v2\/product_brand?post=52529"},{"taxonomy":"product_cat","embeddable":true,"href":"https:\/\/ilmoliulampar.is\/en_gb\/wp-json\/wp\/v2\/product_cat?post=52529"},{"taxonomy":"product_tag","embeddable":true,"href":"https:\/\/ilmoliulampar.is\/en_gb\/wp-json\/wp\/v2\/product_tag?post=52529"}],"curies":[{"name":"wp","href":"https:\/\/api.w.org\/{rel}","templated":true}]}}