{"id":52537,"date":"2019-11-28T13:39:35","date_gmt":"2019-11-28T13:39:35","guid":{"rendered":"https:\/\/new.ilmoliulampar.is\/product\/tochi-lailas-lucsious-lovebomb\/"},"modified":"2024-02-01T15:20:06","modified_gmt":"2024-02-01T15:20:06","slug":"tochi-lailas-lucsious-lovebomb","status":"publish","type":"product","link":"https:\/\/ilmoliulampar.is\/en_gb\/product\/tochi-lailas-lucsious-lovebomb\/","title":{"rendered":"Tochi &#8211; Laila\u00b4s Lucsious Lovebomb"},"content":{"rendered":"","protected":false},"excerpt":{"rendered":"<p>Laila\u00b4s Lucsious Lovebomb<\/p>\n<p>1 stk pinna-kerti \u00e1n dokku. (Kertin ver\u00f0a a\u00f0 vera \u00ed dokku)<\/p>\n<p>H\u00e6gt er a\u00f0 velja dokkur \u00ed 3 st\u00e6r\u00f0um h\u00e9r \u00e1 s\u00ed\u00f0unni.<\/p>\n<p>H\u00e6gt er a\u00f0 f\u00e1 kerti\u00f0 me\u00f0 e\u00f0a \u00e1n ilms.<\/p>\n<p>Ilmur: L\u00f3tus, papaya &amp; ginseng, s\u00e6tur en samt krydda\u00f0ur \u00e1 sama t\u00edma!<\/p>\n<p>&nbsp;<\/p>\n<p>&nbsp;<\/p>\n<p>St\u00e6r\u00f0 300 gr<\/p>\n<p>St\u00e6r\u00f0: 20x43x4.5 cm<\/p>\n<p>Litur: Bleikur<\/p>\n<p>&nbsp;<\/p>\n<p>&nbsp;<\/p>\n<p>&nbsp;<\/p>","protected":false},"featured_media":41741,"comment_status":"closed","ping_status":"open","template":"","meta":[],"product_brand":[],"product_cat":[143],"product_tag":[],"class_list":{"0":"post-52537","1":"product","2":"type-product","3":"status-publish","4":"has-post-thumbnail","6":"product_cat-tochi-pinna-kerti","8":"first","9":"instock","10":"shipping-taxable","11":"purchasable","12":"product-type-variable"},"_links":{"self":[{"href":"https:\/\/ilmoliulampar.is\/en_gb\/wp-json\/wp\/v2\/product\/52537","targetHints":{"allow":["GET"]}}],"collection":[{"href":"https:\/\/ilmoliulampar.is\/en_gb\/wp-json\/wp\/v2\/product"}],"about":[{"href":"https:\/\/ilmoliulampar.is\/en_gb\/wp-json\/wp\/v2\/types\/product"}],"replies":[{"embeddable":true,"href":"https:\/\/ilmoliulampar.is\/en_gb\/wp-json\/wp\/v2\/comments?post=52537"}],"wp:featuredmedia":[{"embeddable":true,"href":"https:\/\/ilmoliulampar.is\/en_gb\/wp-json\/wp\/v2\/media\/41741"}],"wp:attachment":[{"href":"https:\/\/ilmoliulampar.is\/en_gb\/wp-json\/wp\/v2\/media?parent=52537"}],"wp:term":[{"taxonomy":"product_brand","embeddable":true,"href":"https:\/\/ilmoliulampar.is\/en_gb\/wp-json\/wp\/v2\/product_brand?post=52537"},{"taxonomy":"product_cat","embeddable":true,"href":"https:\/\/ilmoliulampar.is\/en_gb\/wp-json\/wp\/v2\/product_cat?post=52537"},{"taxonomy":"product_tag","embeddable":true,"href":"https:\/\/ilmoliulampar.is\/en_gb\/wp-json\/wp\/v2\/product_tag?post=52537"}],"curies":[{"name":"wp","href":"https:\/\/api.w.org\/{rel}","templated":true}]}}