{"id":52540,"date":"2019-11-28T13:00:13","date_gmt":"2019-11-28T13:00:13","guid":{"rendered":"https:\/\/new.ilmoliulampar.is\/product\/tochi-sensas-summer-sorbet\/"},"modified":"2024-02-01T15:20:09","modified_gmt":"2024-02-01T15:20:09","slug":"tochi-sensas-summer-sorbet","status":"publish","type":"product","link":"https:\/\/ilmoliulampar.is\/en_gb\/product\/tochi-sensas-summer-sorbet\/","title":{"rendered":"Tochi &#8211; Sensa\u00b4s Summer Sorbet"},"content":{"rendered":"","protected":false},"excerpt":{"rendered":"<p>Sensa\u00b4s \u00a0Summer Sorbet<\/p>\n<p>1 stk pinna-kerti \u00e1n dokku. (Kertin ver\u00f0a a\u00f0 vera \u00ed dokku)<\/p>\n<p>H\u00e6gt er a\u00f0 velja dokkur \u00ed 3 st\u00e6r\u00f0um h\u00e9r \u00e1 s\u00ed\u00f0unni.<\/p>\n<p>H\u00e6gt er a\u00f0 f\u00e1 \u00feetta kerti me\u00f0 e\u00f0a \u00e1n ilms!<\/p>\n<p>Ilmur: Passion fruit \u00ed bland vi\u00f0 s\u00edtr\u00f3nu og Amaryllis, sem er bl\u00f3m sem vex a\u00f0allega \u00ed Su\u00f0ur Afr\u00edku, ilmurinn af \u00fev\u00ed er mildur, s\u00e6tur me\u00f0 dass af s\u00edtrus t\u00f3num, sannkalla\u00f0ur sumar ilmur!<\/p>\n<p>&nbsp;<\/p>\n<p>&nbsp;<\/p>\n<p>St\u00e6r\u00f0 300 gr<\/p>\n<p>St\u00e6r\u00f0: 20x43x4.5 cm<\/p>\n<p>Litur: Rau\u00f0bleikur<\/p>\n<p>&nbsp;<\/p>\n<p>&nbsp;<\/p>\n<p>&nbsp;<\/p>","protected":false},"featured_media":41750,"comment_status":"closed","ping_status":"open","template":"","meta":[],"product_brand":[],"product_cat":[143],"product_tag":[],"class_list":{"0":"post-52540","1":"product","2":"type-product","3":"status-publish","4":"has-post-thumbnail","6":"product_cat-tochi-pinna-kerti","8":"first","9":"instock","10":"shipping-taxable","11":"purchasable","12":"product-type-variable"},"_links":{"self":[{"href":"https:\/\/ilmoliulampar.is\/en_gb\/wp-json\/wp\/v2\/product\/52540","targetHints":{"allow":["GET"]}}],"collection":[{"href":"https:\/\/ilmoliulampar.is\/en_gb\/wp-json\/wp\/v2\/product"}],"about":[{"href":"https:\/\/ilmoliulampar.is\/en_gb\/wp-json\/wp\/v2\/types\/product"}],"replies":[{"embeddable":true,"href":"https:\/\/ilmoliulampar.is\/en_gb\/wp-json\/wp\/v2\/comments?post=52540"}],"wp:featuredmedia":[{"embeddable":true,"href":"https:\/\/ilmoliulampar.is\/en_gb\/wp-json\/wp\/v2\/media\/41750"}],"wp:attachment":[{"href":"https:\/\/ilmoliulampar.is\/en_gb\/wp-json\/wp\/v2\/media?parent=52540"}],"wp:term":[{"taxonomy":"product_brand","embeddable":true,"href":"https:\/\/ilmoliulampar.is\/en_gb\/wp-json\/wp\/v2\/product_brand?post=52540"},{"taxonomy":"product_cat","embeddable":true,"href":"https:\/\/ilmoliulampar.is\/en_gb\/wp-json\/wp\/v2\/product_cat?post=52540"},{"taxonomy":"product_tag","embeddable":true,"href":"https:\/\/ilmoliulampar.is\/en_gb\/wp-json\/wp\/v2\/product_tag?post=52540"}],"curies":[{"name":"wp","href":"https:\/\/api.w.org\/{rel}","templated":true}]}}