{"id":52541,"date":"2019-11-28T12:47:01","date_gmt":"2019-11-28T12:47:01","guid":{"rendered":"https:\/\/new.ilmoliulampar.is\/product\/tochi-bambudddas-mystic-nights\/"},"modified":"2024-02-01T15:20:10","modified_gmt":"2024-02-01T15:20:10","slug":"tochi-bambudddas-mystic-nights","status":"publish","type":"product","link":"https:\/\/ilmoliulampar.is\/en_gb\/product\/tochi-bambudddas-mystic-nights\/","title":{"rendered":"Tochi &#8211; Bambuddda\u00b4s Mystic Nights"},"content":{"rendered":"","protected":false},"excerpt":{"rendered":"<p>Bambudda\u00b4s \u00a0Mystic Nights<\/p>\n<p>1 stk pinna-kerti \u00e1n dokku. (Kertin ver\u00f0a a\u00f0 vera \u00ed dokku)<\/p>\n<p>H\u00e6gt er a\u00f0 velja dokkur \u00ed 3 st\u00e6r\u00f0um h\u00e9r \u00e1 s\u00ed\u00f0unni.<\/p>\n<p>H\u00e6gt a\u00f0 f\u00e1 me\u00f0 ilm og \u00e1n ilm!<\/p>\n<p>Ilmur: Fersk pera, musk og Oahu lobelia sem er sjaldg\u00e6ft bl\u00f3m sem vex a\u00f0eins \u00e1 Hawaii, gu\u00f0d\u00f3mlegur &amp; ferskur ilmur!<\/p>\n<p>&nbsp;<\/p>\n<p>&nbsp;<\/p>\n<p>&nbsp;<\/p>\n<p>St\u00e6r\u00f0 300 gr<\/p>\n<p>St\u00e6r\u00f0: 20x43x4.5 cm<\/p>\n<p>Litur: Svartur<\/p>\n<p>&nbsp;<\/p>\n<p>&nbsp;<\/p>\n<p>&nbsp;<\/p>","protected":false},"featured_media":41753,"comment_status":"closed","ping_status":"open","template":"","meta":[],"product_brand":[],"product_cat":[143],"product_tag":[],"class_list":{"0":"post-52541","1":"product","2":"type-product","3":"status-publish","4":"has-post-thumbnail","6":"product_cat-tochi-pinna-kerti","8":"first","9":"instock","10":"shipping-taxable","11":"purchasable","12":"product-type-variable"},"_links":{"self":[{"href":"https:\/\/ilmoliulampar.is\/en_gb\/wp-json\/wp\/v2\/product\/52541","targetHints":{"allow":["GET"]}}],"collection":[{"href":"https:\/\/ilmoliulampar.is\/en_gb\/wp-json\/wp\/v2\/product"}],"about":[{"href":"https:\/\/ilmoliulampar.is\/en_gb\/wp-json\/wp\/v2\/types\/product"}],"replies":[{"embeddable":true,"href":"https:\/\/ilmoliulampar.is\/en_gb\/wp-json\/wp\/v2\/comments?post=52541"}],"wp:featuredmedia":[{"embeddable":true,"href":"https:\/\/ilmoliulampar.is\/en_gb\/wp-json\/wp\/v2\/media\/41753"}],"wp:attachment":[{"href":"https:\/\/ilmoliulampar.is\/en_gb\/wp-json\/wp\/v2\/media?parent=52541"}],"wp:term":[{"taxonomy":"product_brand","embeddable":true,"href":"https:\/\/ilmoliulampar.is\/en_gb\/wp-json\/wp\/v2\/product_brand?post=52541"},{"taxonomy":"product_cat","embeddable":true,"href":"https:\/\/ilmoliulampar.is\/en_gb\/wp-json\/wp\/v2\/product_cat?post=52541"},{"taxonomy":"product_tag","embeddable":true,"href":"https:\/\/ilmoliulampar.is\/en_gb\/wp-json\/wp\/v2\/product_tag?post=52541"}],"curies":[{"name":"wp","href":"https:\/\/api.w.org\/{rel}","templated":true}]}}