{"id":52544,"date":"2019-11-28T12:19:07","date_gmt":"2019-11-28T12:19:07","guid":{"rendered":"https:\/\/new.ilmoliulampar.is\/product\/tochi-metalic-gold-glam\/"},"modified":"2023-03-24T00:13:26","modified_gmt":"2023-03-24T00:13:26","slug":"tochi-metalic-gold-glam","status":"publish","type":"product","link":"https:\/\/ilmoliulampar.is\/en_gb\/product\/tochi-metalic-gold-glam\/","title":{"rendered":"Tochi &#8211; Metalic Gold Glam"},"content":{"rendered":"","protected":false},"excerpt":{"rendered":"<p>Gold Glam &#8211; a\u00f0eins f\u00e1anlegt \u00e1n ilms.<\/p>\n<p>1 stk pinna-kerti \u00e1n dokku. (Kertin \u00feurfa a\u00f0 vera \u00ed dokku)<\/p>\n<p>H\u00e6gt er a\u00f0 velja dokkur \u00ed 3 st\u00e6r\u00f0um h\u00e9r \u00e1 s\u00ed\u00f0unni.<\/p>\n<p>&nbsp;<\/p>\n<p>&nbsp;<\/p>\n<p>St\u00e6r\u00f0 300 gr<\/p>\n<p>St\u00e6r\u00f0: 20x43x4.5 cm<\/p>\n<p>Litur: Gylltur<\/p>\n<p>&nbsp;<\/p>\n<p>&nbsp;<\/p>\n<p>&nbsp;<\/p>","protected":false},"featured_media":41767,"comment_status":"closed","ping_status":"open","template":"","meta":[],"product_brand":[],"product_cat":[143],"product_tag":[],"class_list":{"0":"post-52544","1":"product","2":"type-product","3":"status-publish","4":"has-post-thumbnail","6":"product_cat-tochi-pinna-kerti","8":"first","9":"instock","10":"shipping-taxable","11":"purchasable","12":"product-type-simple"},"_links":{"self":[{"href":"https:\/\/ilmoliulampar.is\/en_gb\/wp-json\/wp\/v2\/product\/52544","targetHints":{"allow":["GET"]}}],"collection":[{"href":"https:\/\/ilmoliulampar.is\/en_gb\/wp-json\/wp\/v2\/product"}],"about":[{"href":"https:\/\/ilmoliulampar.is\/en_gb\/wp-json\/wp\/v2\/types\/product"}],"replies":[{"embeddable":true,"href":"https:\/\/ilmoliulampar.is\/en_gb\/wp-json\/wp\/v2\/comments?post=52544"}],"wp:featuredmedia":[{"embeddable":true,"href":"https:\/\/ilmoliulampar.is\/en_gb\/wp-json\/wp\/v2\/media\/41767"}],"wp:attachment":[{"href":"https:\/\/ilmoliulampar.is\/en_gb\/wp-json\/wp\/v2\/media?parent=52544"}],"wp:term":[{"taxonomy":"product_brand","embeddable":true,"href":"https:\/\/ilmoliulampar.is\/en_gb\/wp-json\/wp\/v2\/product_brand?post=52544"},{"taxonomy":"product_cat","embeddable":true,"href":"https:\/\/ilmoliulampar.is\/en_gb\/wp-json\/wp\/v2\/product_cat?post=52544"},{"taxonomy":"product_tag","embeddable":true,"href":"https:\/\/ilmoliulampar.is\/en_gb\/wp-json\/wp\/v2\/product_tag?post=52544"}],"curies":[{"name":"wp","href":"https:\/\/api.w.org\/{rel}","templated":true}]}}