{"id":52545,"date":"2019-11-28T12:20:33","date_gmt":"2019-11-28T12:20:33","guid":{"rendered":"https:\/\/new.ilmoliulampar.is\/product\/tochi-dokkur-undir-pinna-kerti-3-staerdir\/"},"modified":"2024-02-01T15:20:11","modified_gmt":"2024-02-01T15:20:11","slug":"tochi-dokkur-undir-pinna-kerti-3-staerdir","status":"publish","type":"product","link":"https:\/\/ilmoliulampar.is\/en_gb\/product\/tochi-dokkur-undir-pinna-kerti-3-staerdir\/","title":{"rendered":"*Tochi &#8211; Dokkur undir pinna-kerti, 3 st\u00e6r\u00f0ir"},"content":{"rendered":"","protected":false},"excerpt":{"rendered":"<dl>\n<dd class=\"description___3HYdf\">\n<div class=\"description___3HYdf\">\n<p>Dokkurnar (margnota) eru hanna\u00f0ar s\u00e9rstaklega undir pinna-kertin. H\u00e6gt er a\u00f0 tengja dokkurnar saman \u00e1 marga vegu me\u00f0 s\u00e9rst\u00f6kum s\u00edlikon stykkjum sem fylgja me\u00f0 ef keyptar eru fleiri en ein dokka.<\/p>\n<p>&nbsp;<\/p>\n<p>Dokkurnar eru f\u00e1anlegar \u00ed 3 st\u00e6r\u00f0um:<\/p>\n<p>L\u00edtil: 10 x 10 x 2 cm<\/p>\n<p>Mi\u00f0st\u00e6r\u00f0: 10 x 10 x 3 cm<\/p>\n<p>St\u00f3r: 10 x 10 x 4 cm<\/p>\n<\/div>\n<\/dd>\n<\/dl>","protected":false},"featured_media":41770,"comment_status":"closed","ping_status":"open","template":"","meta":[],"product_brand":[],"product_cat":[143],"product_tag":[],"class_list":{"0":"post-52545","1":"product","2":"type-product","3":"status-publish","4":"has-post-thumbnail","6":"product_cat-tochi-pinna-kerti","8":"first","9":"instock","10":"shipping-taxable","11":"purchasable","12":"product-type-variable"},"_links":{"self":[{"href":"https:\/\/ilmoliulampar.is\/en_gb\/wp-json\/wp\/v2\/product\/52545","targetHints":{"allow":["GET"]}}],"collection":[{"href":"https:\/\/ilmoliulampar.is\/en_gb\/wp-json\/wp\/v2\/product"}],"about":[{"href":"https:\/\/ilmoliulampar.is\/en_gb\/wp-json\/wp\/v2\/types\/product"}],"replies":[{"embeddable":true,"href":"https:\/\/ilmoliulampar.is\/en_gb\/wp-json\/wp\/v2\/comments?post=52545"}],"wp:featuredmedia":[{"embeddable":true,"href":"https:\/\/ilmoliulampar.is\/en_gb\/wp-json\/wp\/v2\/media\/41770"}],"wp:attachment":[{"href":"https:\/\/ilmoliulampar.is\/en_gb\/wp-json\/wp\/v2\/media?parent=52545"}],"wp:term":[{"taxonomy":"product_brand","embeddable":true,"href":"https:\/\/ilmoliulampar.is\/en_gb\/wp-json\/wp\/v2\/product_brand?post=52545"},{"taxonomy":"product_cat","embeddable":true,"href":"https:\/\/ilmoliulampar.is\/en_gb\/wp-json\/wp\/v2\/product_cat?post=52545"},{"taxonomy":"product_tag","embeddable":true,"href":"https:\/\/ilmoliulampar.is\/en_gb\/wp-json\/wp\/v2\/product_tag?post=52545"}],"curies":[{"name":"wp","href":"https:\/\/api.w.org\/{rel}","templated":true}]}}