{"id":52575,"date":"2019-12-09T16:42:21","date_gmt":"2019-12-09T16:42:21","guid":{"rendered":"https:\/\/new.ilmoliulampar.is\/product\/jola-poki-med-2-jolaolium\/"},"modified":"2025-10-30T16:50:38","modified_gmt":"2025-10-30T16:50:38","slug":"jola-poki-med-2-jolaolium","status":"publish","type":"product","link":"https:\/\/ilmoliulampar.is\/en_gb\/product\/jola-poki-med-2-jolaolium\/","title":{"rendered":"J\u00f3la poki me\u00f0 2 j\u00f3laol\u00edum"},"content":{"rendered":"","protected":false},"excerpt":{"rendered":"<p>Pokarnir eru misjafnir, ekki allir eins.<\/p>\n<p>2x j\u00f3la ilmol\u00edur saman \u00ed litlum s\u00e6tum j\u00f3lapoka.<\/p>\n<p>Allskonar blanda\u00f0 saman, vi\u00f0skiptavinum\u00a0okkar finnst yfirleitt mj\u00f6g spennandi a\u00f0<\/p>\n<p>panta svona poka, hva\u00f0 kemur upp \u00far pokanum\u00a0\u00ed \u00a0\u00feetta skipti\u00f0!<\/p>\n<p><strong><em>Fr\u00e1b\u00e6rt ver\u00f0!<\/em><\/strong><\/p>\n<p>&nbsp;<\/p>\n<p><em>Ol\u00edum sem er blanda\u00f0 af handah\u00f3fi \u00ed pokana eru: Christmas Bliss, Candy Cane Cupcake, Mulberry Spice, Frosty the Snowman, Christmas Memories, Holiday Sparkle og fl.<\/em><\/p>\n<p>&nbsp;<\/p>","protected":false},"featured_media":41816,"comment_status":"closed","ping_status":"closed","template":"","meta":[],"product_brand":[],"product_cat":[198,197,108,113],"product_tag":[],"class_list":{"0":"post-52575","1":"product","2":"type-product","3":"status-publish","4":"has-post-thumbnail","6":"product_cat-ilmoliutilbod-oliur","7":"product_cat-jolaoliur-oliur","8":"product_cat-oliur","9":"product_cat-utsala","11":"first","12":"instock","13":"sale","14":"shipping-taxable","15":"purchasable","16":"product-type-simple"},"_links":{"self":[{"href":"https:\/\/ilmoliulampar.is\/en_gb\/wp-json\/wp\/v2\/product\/52575","targetHints":{"allow":["GET"]}}],"collection":[{"href":"https:\/\/ilmoliulampar.is\/en_gb\/wp-json\/wp\/v2\/product"}],"about":[{"href":"https:\/\/ilmoliulampar.is\/en_gb\/wp-json\/wp\/v2\/types\/product"}],"replies":[{"embeddable":true,"href":"https:\/\/ilmoliulampar.is\/en_gb\/wp-json\/wp\/v2\/comments?post=52575"}],"wp:featuredmedia":[{"embeddable":true,"href":"https:\/\/ilmoliulampar.is\/en_gb\/wp-json\/wp\/v2\/media\/41816"}],"wp:attachment":[{"href":"https:\/\/ilmoliulampar.is\/en_gb\/wp-json\/wp\/v2\/media?parent=52575"}],"wp:term":[{"taxonomy":"product_brand","embeddable":true,"href":"https:\/\/ilmoliulampar.is\/en_gb\/wp-json\/wp\/v2\/product_brand?post=52575"},{"taxonomy":"product_cat","embeddable":true,"href":"https:\/\/ilmoliulampar.is\/en_gb\/wp-json\/wp\/v2\/product_cat?post=52575"},{"taxonomy":"product_tag","embeddable":true,"href":"https:\/\/ilmoliulampar.is\/en_gb\/wp-json\/wp\/v2\/product_tag?post=52575"}],"curies":[{"name":"wp","href":"https:\/\/api.w.org\/{rel}","templated":true}]}}