{"id":52585,"date":"2020-01-13T17:22:41","date_gmt":"2020-01-13T17:22:41","guid":{"rendered":"https:\/\/new.ilmoliulampar.is\/product\/ancient-less-stess-blend\/"},"modified":"2024-07-18T13:30:43","modified_gmt":"2024-07-18T13:30:43","slug":"ancient-less-stess-blend","status":"publish","type":"product","link":"https:\/\/ilmoliulampar.is\/en_gb\/product\/ancient-less-stess-blend\/","title":{"rendered":"Ancient Wisdom &#8211; Less stess blend"},"content":{"rendered":"","protected":false},"excerpt":{"rendered":"<h1>Less Stress Ilmkjarnaol\u00edublanda, 10ml<\/h1>\n<p>\u00dea\u00f0 koma dagar sem eru einfaldlega erfi\u00f0ari en a\u00f0rir, \u00fe\u00e1 \u00e6ttiru a\u00f0 pr\u00f3fa Less Stress ilmkjarnol\u00eduna!<\/p>\n<p>\u00deessi einstaka blanda inniheldur Clairy Sage, S\u00edtr\u00f3nu &amp; Lavender sem hj\u00e1lpar l\u00edkamanum a\u00f0 slaka \u00e1samt \u00fev\u00ed a\u00f0 auka vell\u00ed\u00f0an.<\/p>\n<p>\u00de\u00e9r er alveg \u00f3h\u00e6tt a\u00f0 nota \u00feessa ol\u00edu \u00ed ba\u00f0i\u00f0, \u00ed ilmol\u00edulampann, undir iljarnar, aftan \u00e1 h\u00e1lsinn!<\/p>\n<p>Vi\u00f0 m\u00e6lum me\u00f0 a\u00f0 blanda ol\u00edunni \u00ed g\u00f3\u00f0a grunnol\u00edu ef nota \u00e1 ol\u00eduna \u00e1 l\u00edkamann!<\/p>\n<p>Hristist vel fyrir notkun!<\/p>","protected":false},"featured_media":41850,"comment_status":"closed","ping_status":"open","template":"","meta":[],"product_brand":[],"product_cat":[224,108],"product_tag":[],"class_list":{"0":"post-52585","1":"product","2":"type-product","3":"status-publish","4":"has-post-thumbnail","6":"product_cat-ilmkjarnaoliur-oliur","7":"product_cat-oliur","9":"first","10":"instock","11":"shipping-taxable","12":"purchasable","13":"product-type-simple"},"_links":{"self":[{"href":"https:\/\/ilmoliulampar.is\/en_gb\/wp-json\/wp\/v2\/product\/52585","targetHints":{"allow":["GET"]}}],"collection":[{"href":"https:\/\/ilmoliulampar.is\/en_gb\/wp-json\/wp\/v2\/product"}],"about":[{"href":"https:\/\/ilmoliulampar.is\/en_gb\/wp-json\/wp\/v2\/types\/product"}],"replies":[{"embeddable":true,"href":"https:\/\/ilmoliulampar.is\/en_gb\/wp-json\/wp\/v2\/comments?post=52585"}],"wp:featuredmedia":[{"embeddable":true,"href":"https:\/\/ilmoliulampar.is\/en_gb\/wp-json\/wp\/v2\/media\/41850"}],"wp:attachment":[{"href":"https:\/\/ilmoliulampar.is\/en_gb\/wp-json\/wp\/v2\/media?parent=52585"}],"wp:term":[{"taxonomy":"product_brand","embeddable":true,"href":"https:\/\/ilmoliulampar.is\/en_gb\/wp-json\/wp\/v2\/product_brand?post=52585"},{"taxonomy":"product_cat","embeddable":true,"href":"https:\/\/ilmoliulampar.is\/en_gb\/wp-json\/wp\/v2\/product_cat?post=52585"},{"taxonomy":"product_tag","embeddable":true,"href":"https:\/\/ilmoliulampar.is\/en_gb\/wp-json\/wp\/v2\/product_tag?post=52585"}],"curies":[{"name":"wp","href":"https:\/\/api.w.org\/{rel}","templated":true}]}}