{"id":52586,"date":"2020-01-13T17:39:38","date_gmt":"2020-01-13T17:39:38","guid":{"rendered":"https:\/\/new.ilmoliulampar.is\/product\/ancient-wisdom-sleep-easy\/"},"modified":"2024-07-18T13:28:10","modified_gmt":"2024-07-18T13:28:10","slug":"ancient-wisdom-sleep-easy","status":"publish","type":"product","link":"https:\/\/ilmoliulampar.is\/en_gb\/product\/ancient-wisdom-sleep-easy\/","title":{"rendered":"Ancient Wisdom &#8211; Sleep Easy"},"content":{"rendered":"","protected":false},"excerpt":{"rendered":"<p>G\u00f3\u00f0ur n\u00e6tursvefn me\u00f0 Sleep Easy ilmkjarnaol\u00edunni!<\/p>\n<p>\u00deessi ol\u00eda er blanda af \u00a0R\u00f3mverskri Kamillu, Clary Sage &amp; Bergamot.<\/p>\n<p>Clary Sage &amp; Bergam\u00f3t getur hj\u00e1lpa\u00f0 \u00fe\u00e9r a\u00f0 slaka \u00e1, \u00e1\u00f0ur en \u00fe\u00fa fer\u00f0 a\u00f0 sofa! \u00de\u00fa sefur betur og Sleep Easy getur l\u00edka hj\u00e1lpa\u00f0 til vi\u00f0 hrotum!<\/p>\n<p>\u00de\u00fa getur fari\u00f0 \u00ed slakandi ba\u00f0 me\u00f0 Sleep Easy, \u00a0e\u00f0a sett nokkra dropa undir iljarnar, \u00ed l\u00f3fann, og au\u00f0vita\u00f0 sett hana \u00ed ilmol\u00edulampann.<\/p>\n<p>ATH vi\u00f0 m\u00e6lum \u00e1vallt me\u00f0 a\u00f0 blanda ilmkjarnaol\u00edum vi\u00f0 g\u00f3\u00f0a grunnol\u00edu ef nota skal ol\u00eduna \u00e1 l\u00edkamann.<\/p>","protected":false},"featured_media":41853,"comment_status":"closed","ping_status":"open","template":"","meta":[],"product_brand":[],"product_cat":[224,108],"product_tag":[],"class_list":{"0":"post-52586","1":"product","2":"type-product","3":"status-publish","4":"has-post-thumbnail","6":"product_cat-ilmkjarnaoliur-oliur","7":"product_cat-oliur","9":"first","10":"instock","11":"shipping-taxable","12":"purchasable","13":"product-type-simple"},"_links":{"self":[{"href":"https:\/\/ilmoliulampar.is\/en_gb\/wp-json\/wp\/v2\/product\/52586","targetHints":{"allow":["GET"]}}],"collection":[{"href":"https:\/\/ilmoliulampar.is\/en_gb\/wp-json\/wp\/v2\/product"}],"about":[{"href":"https:\/\/ilmoliulampar.is\/en_gb\/wp-json\/wp\/v2\/types\/product"}],"replies":[{"embeddable":true,"href":"https:\/\/ilmoliulampar.is\/en_gb\/wp-json\/wp\/v2\/comments?post=52586"}],"wp:featuredmedia":[{"embeddable":true,"href":"https:\/\/ilmoliulampar.is\/en_gb\/wp-json\/wp\/v2\/media\/41853"}],"wp:attachment":[{"href":"https:\/\/ilmoliulampar.is\/en_gb\/wp-json\/wp\/v2\/media?parent=52586"}],"wp:term":[{"taxonomy":"product_brand","embeddable":true,"href":"https:\/\/ilmoliulampar.is\/en_gb\/wp-json\/wp\/v2\/product_brand?post=52586"},{"taxonomy":"product_cat","embeddable":true,"href":"https:\/\/ilmoliulampar.is\/en_gb\/wp-json\/wp\/v2\/product_cat?post=52586"},{"taxonomy":"product_tag","embeddable":true,"href":"https:\/\/ilmoliulampar.is\/en_gb\/wp-json\/wp\/v2\/product_tag?post=52586"}],"curies":[{"name":"wp","href":"https:\/\/api.w.org\/{rel}","templated":true}]}}