{"id":52587,"date":"2020-01-13T17:51:33","date_gmt":"2020-01-13T17:51:33","guid":{"rendered":"https:\/\/new.ilmoliulampar.is\/product\/ancient-wisdom-relaxing\/"},"modified":"2024-07-18T13:39:51","modified_gmt":"2024-07-18T13:39:51","slug":"ancient-wisdom-relaxing","status":"publish","type":"product","link":"https:\/\/ilmoliulampar.is\/en_gb\/product\/ancient-wisdom-relaxing\/","title":{"rendered":"Ancient Wisdom &#8211; Relaxing"},"content":{"rendered":"","protected":false},"excerpt":{"rendered":"<p>\u00deessi ilmkjarnaol\u00eda inniheldur Lavender &amp; Mandar\u00edn, sem hj\u00e1lpar til a\u00f0 n\u00e1 r\u00f3 \u00e1 l\u00edkama og s\u00e1l eykur vell\u00ed\u00f0an.<\/p>\n<p>Lavender er vi\u00f0 kv\u00ed\u00f0a,stressi og pirring me\u00f0an Mandar\u00edn n\u00e6rir taugakerfi\u00f0 og vinnur gegn of\u00fereytu!<\/p>\n<p>Nota\u00f0u Relaxing til \u00feess a\u00f0 fara \u00ed slakandi ba\u00f0, nota\u00f0u hana \u00e1 iljarnar, \u00ed l\u00f3fann, \u00ed ilmol\u00edulampann a\u00f0 sj\u00e1lfs\u00f6g\u00f0u.<\/p>\n<p>Vi\u00f0 m\u00e6lum \u00e1vallt me\u00f0 a\u00f0 nota g\u00f3\u00f0a grunnol\u00edu \u00feegar nota skal ilmkjarnaol\u00edu \u00e1 l\u00edkamann.<\/p>","protected":false},"featured_media":41856,"comment_status":"closed","ping_status":"open","template":"","meta":[],"product_brand":[],"product_cat":[224,108],"product_tag":[],"class_list":{"0":"post-52587","1":"product","2":"type-product","3":"status-publish","4":"has-post-thumbnail","6":"product_cat-ilmkjarnaoliur-oliur","7":"product_cat-oliur","9":"first","10":"instock","11":"shipping-taxable","12":"purchasable","13":"product-type-simple"},"_links":{"self":[{"href":"https:\/\/ilmoliulampar.is\/en_gb\/wp-json\/wp\/v2\/product\/52587","targetHints":{"allow":["GET"]}}],"collection":[{"href":"https:\/\/ilmoliulampar.is\/en_gb\/wp-json\/wp\/v2\/product"}],"about":[{"href":"https:\/\/ilmoliulampar.is\/en_gb\/wp-json\/wp\/v2\/types\/product"}],"replies":[{"embeddable":true,"href":"https:\/\/ilmoliulampar.is\/en_gb\/wp-json\/wp\/v2\/comments?post=52587"}],"wp:featuredmedia":[{"embeddable":true,"href":"https:\/\/ilmoliulampar.is\/en_gb\/wp-json\/wp\/v2\/media\/41856"}],"wp:attachment":[{"href":"https:\/\/ilmoliulampar.is\/en_gb\/wp-json\/wp\/v2\/media?parent=52587"}],"wp:term":[{"taxonomy":"product_brand","embeddable":true,"href":"https:\/\/ilmoliulampar.is\/en_gb\/wp-json\/wp\/v2\/product_brand?post=52587"},{"taxonomy":"product_cat","embeddable":true,"href":"https:\/\/ilmoliulampar.is\/en_gb\/wp-json\/wp\/v2\/product_cat?post=52587"},{"taxonomy":"product_tag","embeddable":true,"href":"https:\/\/ilmoliulampar.is\/en_gb\/wp-json\/wp\/v2\/product_tag?post=52587"}],"curies":[{"name":"wp","href":"https:\/\/api.w.org\/{rel}","templated":true}]}}