{"id":52597,"date":"2020-03-03T17:37:52","date_gmt":"2020-03-03T17:37:52","guid":{"rendered":"https:\/\/new.ilmoliulampar.is\/product\/tobacco-vanilla\/"},"modified":"2026-03-11T14:28:15","modified_gmt":"2026-03-11T14:28:15","slug":"tobacco-vanilla","status":"publish","type":"product","link":"https:\/\/ilmoliulampar.is\/en_gb\/product\/tobacco-vanilla\/","title":{"rendered":"TOBACCO &#038; VANILLA"},"content":{"rendered":"","protected":false},"excerpt":{"rendered":"<div class=\"\" data-block=\"true\" data-editor=\"qgvj\" data-offset-key=\"8dg62-0-0\">\n<div data-offset-key=\"8dg62-0-0\">Tobacco Vanilla<\/div>\n<div data-offset-key=\"8dg62-0-0\"><\/div>\n<div class=\"_1mf _1mj\" data-offset-key=\"8dg62-0-0\"><span data-offset-key=\"8dg62-0-0\">\u00deessi ilmol\u00eda er bara eitthva\u00f0 anna\u00f0, h\u00fan er GU\u00d0D\u00d3MLEGA g\u00f3\u00f0, mj\u00fak en samt svo s\u00e6t, hl\u00fd og k\u00f3s\u00fd! <\/span><\/div>\n<\/div>\n<div class=\"\" data-block=\"true\" data-editor=\"qgvj\" data-offset-key=\"etq0o-0-0\">\n<div class=\"_1mf _1mj\" data-offset-key=\"etq0o-0-0\"><span data-offset-key=\"etq0o-0-0\">\u00deessi er &#8222;m\u00f6st&#8220; a\u00f0 pr\u00f3fa! <\/span><\/div>\n<\/div>","protected":false},"featured_media":41896,"comment_status":"closed","ping_status":"closed","template":"","meta":[],"product_brand":[],"product_cat":[195,108],"product_tag":[],"class_list":{"0":"post-52597","1":"product","2":"type-product","3":"status-publish","4":"has-post-thumbnail","6":"product_cat-ilmoliur-oliur","7":"product_cat-oliur","9":"first","10":"instock","11":"shipping-taxable","12":"purchasable","13":"product-type-simple"},"_links":{"self":[{"href":"https:\/\/ilmoliulampar.is\/en_gb\/wp-json\/wp\/v2\/product\/52597","targetHints":{"allow":["GET"]}}],"collection":[{"href":"https:\/\/ilmoliulampar.is\/en_gb\/wp-json\/wp\/v2\/product"}],"about":[{"href":"https:\/\/ilmoliulampar.is\/en_gb\/wp-json\/wp\/v2\/types\/product"}],"replies":[{"embeddable":true,"href":"https:\/\/ilmoliulampar.is\/en_gb\/wp-json\/wp\/v2\/comments?post=52597"}],"wp:featuredmedia":[{"embeddable":true,"href":"https:\/\/ilmoliulampar.is\/en_gb\/wp-json\/wp\/v2\/media\/41896"}],"wp:attachment":[{"href":"https:\/\/ilmoliulampar.is\/en_gb\/wp-json\/wp\/v2\/media?parent=52597"}],"wp:term":[{"taxonomy":"product_brand","embeddable":true,"href":"https:\/\/ilmoliulampar.is\/en_gb\/wp-json\/wp\/v2\/product_brand?post=52597"},{"taxonomy":"product_cat","embeddable":true,"href":"https:\/\/ilmoliulampar.is\/en_gb\/wp-json\/wp\/v2\/product_cat?post=52597"},{"taxonomy":"product_tag","embeddable":true,"href":"https:\/\/ilmoliulampar.is\/en_gb\/wp-json\/wp\/v2\/product_tag?post=52597"}],"curies":[{"name":"wp","href":"https:\/\/api.w.org\/{rel}","templated":true}]}}