{"id":52600,"date":"2020-03-05T14:36:21","date_gmt":"2020-03-05T14:36:21","guid":{"rendered":"https:\/\/new.ilmoliulampar.is\/product\/snow-angel\/"},"modified":"2026-02-12T17:11:26","modified_gmt":"2026-02-12T17:11:26","slug":"snow-angel","status":"publish","type":"product","link":"https:\/\/ilmoliulampar.is\/en_gb\/product\/snow-angel\/","title":{"rendered":"SNOW ANGEL"},"content":{"rendered":"","protected":false},"excerpt":{"rendered":"<div class=\"\" data-block=\"true\" data-editor=\"5hnuh\" data-offset-key=\"6m86t-0-0\">\n<div class=\"_1mf _1mj\" data-offset-key=\"6m86t-0-0\"><span data-offset-key=\"6m86t-0-0\">\u00deennan ilm \u00feekkja eflaust margir&#8230;<\/span><\/div>\n<\/div>\n<div class=\"\" data-block=\"true\" data-editor=\"5hnuh\" data-offset-key=\"cns56-0-0\">\n<div class=\"_1mf _1mj\" data-offset-key=\"cns56-0-0\"><span data-offset-key=\"cns56-0-0\">Snow Angel er ein af \u00feeim betri! <\/span><\/div>\n<\/div>\n<div class=\"\" data-block=\"true\" data-editor=\"5hnuh\" data-offset-key=\"3amjq-0-0\">\n<div class=\"_1mf _1mj\" data-offset-key=\"3amjq-0-0\"><span data-offset-key=\"3amjq-0-0\">Fersk vatnsmel\u00f3na, jasm\u00edn og mj\u00fakir t\u00f3nar af Orange Blossom pl\u00f6ntunni \u00ed bland vi\u00f0 krema\u00f0a vanillu, sandalwood og sykra\u00f0 Musk!<\/span><\/div>\n<\/div>\n<div class=\"\" data-block=\"true\" data-editor=\"5hnuh\" data-offset-key=\"2n95-0-0\"><\/div>","protected":false},"featured_media":41905,"comment_status":"closed","ping_status":"closed","template":"","meta":[],"product_brand":[],"product_cat":[195,197,108],"product_tag":[],"class_list":{"0":"post-52600","1":"product","2":"type-product","3":"status-publish","4":"has-post-thumbnail","6":"product_cat-ilmoliur-oliur","7":"product_cat-jolaoliur-oliur","8":"product_cat-oliur","10":"first","11":"instock","12":"shipping-taxable","13":"purchasable","14":"product-type-simple"},"_links":{"self":[{"href":"https:\/\/ilmoliulampar.is\/en_gb\/wp-json\/wp\/v2\/product\/52600","targetHints":{"allow":["GET"]}}],"collection":[{"href":"https:\/\/ilmoliulampar.is\/en_gb\/wp-json\/wp\/v2\/product"}],"about":[{"href":"https:\/\/ilmoliulampar.is\/en_gb\/wp-json\/wp\/v2\/types\/product"}],"replies":[{"embeddable":true,"href":"https:\/\/ilmoliulampar.is\/en_gb\/wp-json\/wp\/v2\/comments?post=52600"}],"wp:featuredmedia":[{"embeddable":true,"href":"https:\/\/ilmoliulampar.is\/en_gb\/wp-json\/wp\/v2\/media\/41905"}],"wp:attachment":[{"href":"https:\/\/ilmoliulampar.is\/en_gb\/wp-json\/wp\/v2\/media?parent=52600"}],"wp:term":[{"taxonomy":"product_brand","embeddable":true,"href":"https:\/\/ilmoliulampar.is\/en_gb\/wp-json\/wp\/v2\/product_brand?post=52600"},{"taxonomy":"product_cat","embeddable":true,"href":"https:\/\/ilmoliulampar.is\/en_gb\/wp-json\/wp\/v2\/product_cat?post=52600"},{"taxonomy":"product_tag","embeddable":true,"href":"https:\/\/ilmoliulampar.is\/en_gb\/wp-json\/wp\/v2\/product_tag?post=52600"}],"curies":[{"name":"wp","href":"https:\/\/api.w.org\/{rel}","templated":true}]}}