{"id":52602,"date":"2020-03-12T16:01:35","date_gmt":"2020-03-12T16:01:35","guid":{"rendered":"https:\/\/new.ilmoliulampar.is\/product\/trianon\/"},"modified":"2025-11-10T15:04:10","modified_gmt":"2025-11-10T15:04:10","slug":"trianon","status":"publish","type":"product","link":"https:\/\/ilmoliulampar.is\/en_gb\/product\/trianon\/","title":{"rendered":"TRIANON &#8211; Made by Zen"},"content":{"rendered":"","protected":false},"excerpt":{"rendered":"<p>Trianon ilmol\u00eda<\/p>\n<p>Tuberose, Jasm\u00edn, Bergam\u00f3t, R\u00f3s, Patchouli &amp; Spice.<\/p>\n<p>Me\u00f0 eind\u00e6mum fersk og hreinleg, ekta &#8222;n\u00fd b\u00fai\u00f0 a\u00f0 \u00fer\u00edfa&#8220; ilmur!<\/p>","protected":false},"featured_media":41911,"comment_status":"closed","ping_status":"closed","template":"","meta":[],"product_brand":[],"product_cat":[195,108],"product_tag":[],"class_list":{"0":"post-52602","1":"product","2":"type-product","3":"status-publish","4":"has-post-thumbnail","6":"product_cat-ilmoliur-oliur","7":"product_cat-oliur","9":"first","10":"instock","11":"shipping-taxable","12":"purchasable","13":"product-type-simple"},"_links":{"self":[{"href":"https:\/\/ilmoliulampar.is\/en_gb\/wp-json\/wp\/v2\/product\/52602","targetHints":{"allow":["GET"]}}],"collection":[{"href":"https:\/\/ilmoliulampar.is\/en_gb\/wp-json\/wp\/v2\/product"}],"about":[{"href":"https:\/\/ilmoliulampar.is\/en_gb\/wp-json\/wp\/v2\/types\/product"}],"replies":[{"embeddable":true,"href":"https:\/\/ilmoliulampar.is\/en_gb\/wp-json\/wp\/v2\/comments?post=52602"}],"wp:featuredmedia":[{"embeddable":true,"href":"https:\/\/ilmoliulampar.is\/en_gb\/wp-json\/wp\/v2\/media\/41911"}],"wp:attachment":[{"href":"https:\/\/ilmoliulampar.is\/en_gb\/wp-json\/wp\/v2\/media?parent=52602"}],"wp:term":[{"taxonomy":"product_brand","embeddable":true,"href":"https:\/\/ilmoliulampar.is\/en_gb\/wp-json\/wp\/v2\/product_brand?post=52602"},{"taxonomy":"product_cat","embeddable":true,"href":"https:\/\/ilmoliulampar.is\/en_gb\/wp-json\/wp\/v2\/product_cat?post=52602"},{"taxonomy":"product_tag","embeddable":true,"href":"https:\/\/ilmoliulampar.is\/en_gb\/wp-json\/wp\/v2\/product_tag?post=52602"}],"curies":[{"name":"wp","href":"https:\/\/api.w.org\/{rel}","templated":true}]}}