{"id":52604,"date":"2020-03-12T16:47:48","date_gmt":"2020-03-12T16:47:48","guid":{"rendered":"https:\/\/new.ilmoliulampar.is\/product\/giverny-summer\/"},"modified":"2025-08-09T12:09:01","modified_gmt":"2025-08-09T12:09:01","slug":"giverny-summer","status":"publish","type":"product","link":"https:\/\/ilmoliulampar.is\/en_gb\/product\/giverny-summer\/","title":{"rendered":"GIVENCHY  Summer"},"content":{"rendered":"","protected":false},"excerpt":{"rendered":"<p>Giverny Summer<\/p>\n<p>Cassis, Neroli, Iris, R\u00f3sir, Vetiver &amp; Ylang Ylang<\/p>\n<p>Una\u00f0slegur &amp; fr\u00edskandi r\u00f3sailmur!<\/p>","protected":false},"featured_media":41919,"comment_status":"closed","ping_status":"closed","template":"","meta":[],"product_brand":[],"product_cat":[195,108],"product_tag":[],"class_list":{"0":"post-52604","1":"product","2":"type-product","3":"status-publish","4":"has-post-thumbnail","6":"product_cat-ilmoliur-oliur","7":"product_cat-oliur","9":"first","10":"instock","11":"shipping-taxable","12":"purchasable","13":"product-type-simple"},"_links":{"self":[{"href":"https:\/\/ilmoliulampar.is\/en_gb\/wp-json\/wp\/v2\/product\/52604","targetHints":{"allow":["GET"]}}],"collection":[{"href":"https:\/\/ilmoliulampar.is\/en_gb\/wp-json\/wp\/v2\/product"}],"about":[{"href":"https:\/\/ilmoliulampar.is\/en_gb\/wp-json\/wp\/v2\/types\/product"}],"replies":[{"embeddable":true,"href":"https:\/\/ilmoliulampar.is\/en_gb\/wp-json\/wp\/v2\/comments?post=52604"}],"wp:featuredmedia":[{"embeddable":true,"href":"https:\/\/ilmoliulampar.is\/en_gb\/wp-json\/wp\/v2\/media\/41919"}],"wp:attachment":[{"href":"https:\/\/ilmoliulampar.is\/en_gb\/wp-json\/wp\/v2\/media?parent=52604"}],"wp:term":[{"taxonomy":"product_brand","embeddable":true,"href":"https:\/\/ilmoliulampar.is\/en_gb\/wp-json\/wp\/v2\/product_brand?post=52604"},{"taxonomy":"product_cat","embeddable":true,"href":"https:\/\/ilmoliulampar.is\/en_gb\/wp-json\/wp\/v2\/product_cat?post=52604"},{"taxonomy":"product_tag","embeddable":true,"href":"https:\/\/ilmoliulampar.is\/en_gb\/wp-json\/wp\/v2\/product_tag?post=52604"}],"curies":[{"name":"wp","href":"https:\/\/api.w.org\/{rel}","templated":true}]}}