{"id":52616,"date":"2020-03-19T15:08:02","date_gmt":"2020-03-19T15:08:02","guid":{"rendered":"https:\/\/new.ilmoliulampar.is\/product\/sapu-blod-3-ilmir\/"},"modified":"2024-03-25T16:53:03","modified_gmt":"2024-03-25T16:53:03","slug":"sapu-blod-3-ilmir","status":"publish","type":"product","link":"https:\/\/ilmoliulampar.is\/en_gb\/product\/sapu-blod-3-ilmir\/","title":{"rendered":"S\u00e1pu bl\u00f6\u00f0 &#8211; 4 ilmir"},"content":{"rendered":"","protected":false},"excerpt":{"rendered":"<p>Gu\u00f0d\u00f3mleg S\u00e1pu-bl\u00f6\u00f0!<br \/>\nS\u00e1pu-bl\u00f6\u00f0in eru fr\u00e1b\u00e6r n\u00fdung hj\u00e1 okkur!<br \/>\n&#8211; N\u00fa er sta\u00f0an \u00feannig a\u00f0 allir \u00feurfa a\u00f0 vera a\u00f0 \u00fevo s\u00e9r um hendurnar, m\u00f6rgum sinnum \u00e1 dag, hvert sem \u00feeir fara!<br \/>\n\u00c6\u00f0isleg lausn fyrir \u00fe\u00e1 sem eru miki\u00f0 \u00e1 fer\u00f0inni, \u00fevo\u00f0u \u00fe\u00e9r um hendurnar hvar og hven\u00e6r sem er!<br \/>\nS\u00e1pu-bl\u00f6\u00f0in koma \u00ed litlu, \u00feunnu s\u00e6tu boxi, boxi\u00f0 inniheldur 20 l\u00edtil, mj\u00f6g \u00feunn bl\u00f6\u00f0 sem breytast \u00ed fro\u00f0u um lei\u00f0 og kemst \u00ed snertingu vi\u00f0 vatn.<span class=\"text_exposed_show\"><br \/>\n(Boxi\u00f0 er t\u00f6luvert minna og \u00feynnra en p\u00fa\u00f0urd\u00f3s!)<br \/>\n&#8211; Engin leki, ekkert vesen! <\/span><\/p>\n<div class=\"text_exposed_show\">\n<p>P.S ungar-m\u00f6mmur eiga eftir a\u00f0 elska \u00feessa v\u00f6ru fyrir litlu puttana sem allt ver\u00f0a a\u00f0 snerta!<\/p>\n<p>Notkunar lei\u00f0beiningar:<br \/>\nSettu eitt bla\u00f0 \u00ed l\u00f3fann, skola\u00f0u svo hendurnar me\u00f0 volgu vatni, \u00fevo\u00f0u \u00fe\u00e9r svo vel og skola\u00f0u hendurnar!<\/p>\n<p>F\u00e1anlegt me\u00f0 4\ufe0f\u20e3\u00a0mismunandi ilmum:<br \/>\n&#8211; Kirsuberja<br \/>\n&#8211; S\u00edtr\u00f3nu<\/p>\n<p>&#8211; Bl\u00e1berja<br \/>\n&#8211; Mang\u00f3<\/p>\n<p>Ver\u00f0: 495 kr<\/p>\n<\/div>","protected":false},"featured_media":41951,"comment_status":"closed","ping_status":"closed","template":"","meta":[],"product_brand":[],"product_cat":[154,121],"product_tag":[],"class_list":{"0":"post-52616","1":"product","2":"type-product","3":"status-publish","4":"has-post-thumbnail","6":"product_cat-sapu-blod","7":"product_cat-tilbod-adrar-vorur","9":"first","10":"instock","11":"sale","12":"shipping-taxable","13":"purchasable","14":"product-type-variable"},"_links":{"self":[{"href":"https:\/\/ilmoliulampar.is\/en_gb\/wp-json\/wp\/v2\/product\/52616","targetHints":{"allow":["GET"]}}],"collection":[{"href":"https:\/\/ilmoliulampar.is\/en_gb\/wp-json\/wp\/v2\/product"}],"about":[{"href":"https:\/\/ilmoliulampar.is\/en_gb\/wp-json\/wp\/v2\/types\/product"}],"replies":[{"embeddable":true,"href":"https:\/\/ilmoliulampar.is\/en_gb\/wp-json\/wp\/v2\/comments?post=52616"}],"wp:featuredmedia":[{"embeddable":true,"href":"https:\/\/ilmoliulampar.is\/en_gb\/wp-json\/wp\/v2\/media\/41951"}],"wp:attachment":[{"href":"https:\/\/ilmoliulampar.is\/en_gb\/wp-json\/wp\/v2\/media?parent=52616"}],"wp:term":[{"taxonomy":"product_brand","embeddable":true,"href":"https:\/\/ilmoliulampar.is\/en_gb\/wp-json\/wp\/v2\/product_brand?post=52616"},{"taxonomy":"product_cat","embeddable":true,"href":"https:\/\/ilmoliulampar.is\/en_gb\/wp-json\/wp\/v2\/product_cat?post=52616"},{"taxonomy":"product_tag","embeddable":true,"href":"https:\/\/ilmoliulampar.is\/en_gb\/wp-json\/wp\/v2\/product_tag?post=52616"}],"curies":[{"name":"wp","href":"https:\/\/api.w.org\/{rel}","templated":true}]}}