{"id":52621,"date":"2020-03-24T17:21:46","date_gmt":"2020-03-24T17:21:46","guid":{"rendered":"https:\/\/new.ilmoliulampar.is\/product\/ancient-wisdom-focus-drive\/"},"modified":"2024-07-09T17:21:57","modified_gmt":"2024-07-09T17:21:57","slug":"ancient-wisdom-focus-drive","status":"publish","type":"product","link":"https:\/\/ilmoliulampar.is\/en_gb\/product\/ancient-wisdom-focus-drive\/","title":{"rendered":"Ancient Wisdom &#8211; Focus &#038; Drive"},"content":{"rendered":"","protected":false},"excerpt":{"rendered":"<p>Focus &amp; Drive ilmkjarnaol\u00eda<\/p>\n<p>Rosemary &#8211; Frankencense &amp; Lime<\/p>\n<p>\u00deessi er hrikalega fersk og g\u00f3\u00f0, eykur orku og einbeitni, \u00e1samt \u00fev\u00ed a\u00f0 hafa s\u00f3tthreinsandi eiginleika.<\/p>","protected":false},"featured_media":41962,"comment_status":"closed","ping_status":"open","template":"","meta":[],"product_brand":[],"product_cat":[224,108],"product_tag":[],"class_list":{"0":"post-52621","1":"product","2":"type-product","3":"status-publish","4":"has-post-thumbnail","6":"product_cat-ilmkjarnaoliur-oliur","7":"product_cat-oliur","9":"first","10":"instock","11":"shipping-taxable","12":"purchasable","13":"product-type-simple"},"_links":{"self":[{"href":"https:\/\/ilmoliulampar.is\/en_gb\/wp-json\/wp\/v2\/product\/52621","targetHints":{"allow":["GET"]}}],"collection":[{"href":"https:\/\/ilmoliulampar.is\/en_gb\/wp-json\/wp\/v2\/product"}],"about":[{"href":"https:\/\/ilmoliulampar.is\/en_gb\/wp-json\/wp\/v2\/types\/product"}],"replies":[{"embeddable":true,"href":"https:\/\/ilmoliulampar.is\/en_gb\/wp-json\/wp\/v2\/comments?post=52621"}],"wp:featuredmedia":[{"embeddable":true,"href":"https:\/\/ilmoliulampar.is\/en_gb\/wp-json\/wp\/v2\/media\/41962"}],"wp:attachment":[{"href":"https:\/\/ilmoliulampar.is\/en_gb\/wp-json\/wp\/v2\/media?parent=52621"}],"wp:term":[{"taxonomy":"product_brand","embeddable":true,"href":"https:\/\/ilmoliulampar.is\/en_gb\/wp-json\/wp\/v2\/product_brand?post=52621"},{"taxonomy":"product_cat","embeddable":true,"href":"https:\/\/ilmoliulampar.is\/en_gb\/wp-json\/wp\/v2\/product_cat?post=52621"},{"taxonomy":"product_tag","embeddable":true,"href":"https:\/\/ilmoliulampar.is\/en_gb\/wp-json\/wp\/v2\/product_tag?post=52621"}],"curies":[{"name":"wp","href":"https:\/\/api.w.org\/{rel}","templated":true}]}}