{"id":52628,"date":"2025-05-12T17:05:25","date_gmt":"2025-05-12T17:05:25","guid":{"rendered":"https:\/\/new.ilmoliulampar.is\/product\/grace-ljos-bleikt-2-staerdir\/"},"modified":"2026-03-13T11:36:05","modified_gmt":"2026-03-13T11:36:05","slug":"grace-ljos-bleikt-2-staerdir","status":"publish","type":"product","link":"https:\/\/ilmoliulampar.is\/en_gb\/product\/grace-ljos-bleikt-2-staerdir\/","title":{"rendered":"Grace &#8211; Bleikt, 2 st\u00e6r\u00f0ir"},"content":{"rendered":"","protected":false},"excerpt":{"rendered":"<p>Grace &#8211; Lj\u00f3s bleikt<\/p>\n<p>Vi\u00f0 eigum einfaldlega ekki n\u00f3gu g\u00f3\u00f0 l\u00fdsingaror\u00f0 yfir \u00feessa d\u00fdr\u00f0!<br \/>\nFr\u00f6nsk h\u00f6nnun &amp; framlei\u00f0sla!<\/p>\n<div class=\"text_exposed_show\">\n<p>Vegg lj\u00f3sin eru f\u00e1anleg \u00ed 2 st\u00e6r\u00f0um!<br \/>\nMinni lj\u00f3sin, st\u00e6r\u00f0 200&#215;120 mm<br \/>\nSt\u00e6rri lj\u00f3sin, st\u00e6r\u00f0 280&#215;140 mm<\/p>\n<p>ATH:Lj\u00f3sin koma me\u00f0 lj\u00f3saperum.<\/p>\n<\/div>\n<p>&nbsp;<\/p>","protected":false},"featured_media":67833,"comment_status":"closed","ping_status":"closed","template":"","meta":[],"product_brand":[],"product_cat":[226],"product_tag":[],"class_list":{"0":"post-52628","1":"product","2":"type-product","3":"status-publish","4":"has-post-thumbnail","6":"product_cat-fronsku-ljosin-2","8":"first","9":"instock","10":"shipping-taxable","11":"purchasable","12":"product-type-variable"},"_links":{"self":[{"href":"https:\/\/ilmoliulampar.is\/en_gb\/wp-json\/wp\/v2\/product\/52628","targetHints":{"allow":["GET"]}}],"collection":[{"href":"https:\/\/ilmoliulampar.is\/en_gb\/wp-json\/wp\/v2\/product"}],"about":[{"href":"https:\/\/ilmoliulampar.is\/en_gb\/wp-json\/wp\/v2\/types\/product"}],"replies":[{"embeddable":true,"href":"https:\/\/ilmoliulampar.is\/en_gb\/wp-json\/wp\/v2\/comments?post=52628"}],"wp:featuredmedia":[{"embeddable":true,"href":"https:\/\/ilmoliulampar.is\/en_gb\/wp-json\/wp\/v2\/media\/67833"}],"wp:attachment":[{"href":"https:\/\/ilmoliulampar.is\/en_gb\/wp-json\/wp\/v2\/media?parent=52628"}],"wp:term":[{"taxonomy":"product_brand","embeddable":true,"href":"https:\/\/ilmoliulampar.is\/en_gb\/wp-json\/wp\/v2\/product_brand?post=52628"},{"taxonomy":"product_cat","embeddable":true,"href":"https:\/\/ilmoliulampar.is\/en_gb\/wp-json\/wp\/v2\/product_cat?post=52628"},{"taxonomy":"product_tag","embeddable":true,"href":"https:\/\/ilmoliulampar.is\/en_gb\/wp-json\/wp\/v2\/product_tag?post=52628"}],"curies":[{"name":"wp","href":"https:\/\/api.w.org\/{rel}","templated":true}]}}