{"id":52641,"date":"2026-01-07T11:01:30","date_gmt":"2026-01-07T11:01:30","guid":{"rendered":"https:\/\/new.ilmoliulampar.is\/product\/roxanne-glaert\/"},"modified":"2026-01-08T11:55:05","modified_gmt":"2026-01-08T11:55:05","slug":"roxanne-glaert","status":"publish","type":"product","link":"https:\/\/ilmoliulampar.is\/en_gb\/product\/roxanne-glaert\/","title":{"rendered":"Roxanne &#8211; Gl\u00e6rt, 2 st\u00e6r\u00f0ir"},"content":{"rendered":"","protected":false},"excerpt":{"rendered":"<p>ROXANNE &#8211; Gl\u00e6rt<\/p>\n<p>Vi\u00f0 eigum einfaldlega ekki n\u00f3gu g\u00f3\u00f0 l\u00fdsingaror\u00f0 yfir \u00feessa d\u00fdr\u00f0!<br \/>\nFr\u00f6nsk h\u00f6nnun &amp; framlei\u00f0sla!<\/p>\n<div class=\"text_exposed_show\">\n<p>Vegg lj\u00f3sin eru f\u00e1anleg \u00ed 2 st\u00e6r\u00f0um!<br \/>\nMinni lj\u00f3sin, st\u00e6r\u00f0 200\u00d7120 mm<br \/>\nSt\u00e6rri lj\u00f3sin, st\u00e6r\u00f0 280\u00d7140 mm<\/p>\n<p>ATH:Lj\u00f3sin koma me\u00f0 lj\u00f3saperum.<\/p>\n<\/div>","protected":false},"featured_media":42052,"comment_status":"closed","ping_status":"closed","template":"","meta":[],"product_brand":[],"product_cat":[226,230,121],"product_tag":[],"class_list":{"0":"post-52641","1":"product","2":"type-product","3":"status-publish","4":"has-post-thumbnail","6":"product_cat-fronsku-ljosin-2","7":"product_cat-laekkadverd","8":"product_cat-tilbod-adrar-vorur","10":"first","11":"instock","12":"sale","13":"shipping-taxable","14":"purchasable","15":"product-type-variable"},"_links":{"self":[{"href":"https:\/\/ilmoliulampar.is\/en_gb\/wp-json\/wp\/v2\/product\/52641","targetHints":{"allow":["GET"]}}],"collection":[{"href":"https:\/\/ilmoliulampar.is\/en_gb\/wp-json\/wp\/v2\/product"}],"about":[{"href":"https:\/\/ilmoliulampar.is\/en_gb\/wp-json\/wp\/v2\/types\/product"}],"replies":[{"embeddable":true,"href":"https:\/\/ilmoliulampar.is\/en_gb\/wp-json\/wp\/v2\/comments?post=52641"}],"wp:featuredmedia":[{"embeddable":true,"href":"https:\/\/ilmoliulampar.is\/en_gb\/wp-json\/wp\/v2\/media\/42052"}],"wp:attachment":[{"href":"https:\/\/ilmoliulampar.is\/en_gb\/wp-json\/wp\/v2\/media?parent=52641"}],"wp:term":[{"taxonomy":"product_brand","embeddable":true,"href":"https:\/\/ilmoliulampar.is\/en_gb\/wp-json\/wp\/v2\/product_brand?post=52641"},{"taxonomy":"product_cat","embeddable":true,"href":"https:\/\/ilmoliulampar.is\/en_gb\/wp-json\/wp\/v2\/product_cat?post=52641"},{"taxonomy":"product_tag","embeddable":true,"href":"https:\/\/ilmoliulampar.is\/en_gb\/wp-json\/wp\/v2\/product_tag?post=52641"}],"curies":[{"name":"wp","href":"https:\/\/api.w.org\/{rel}","templated":true}]}}