{"id":52643,"date":"2020-08-15T11:58:12","date_gmt":"2020-08-15T11:58:12","guid":{"rendered":"https:\/\/new.ilmoliulampar.is\/product\/snertilaus-sotthreinsivel-2-litir\/"},"modified":"2024-02-01T15:19:09","modified_gmt":"2024-02-01T15:19:09","slug":"snertilaus-sotthreinsivel-2-litir","status":"publish","type":"product","link":"https:\/\/ilmoliulampar.is\/en_gb\/product\/snertilaus-sotthreinsivel-2-litir\/","title":{"rendered":"Snertilaus s\u00f3tthreinsiv\u00e9l, 2 litir 50% afsl\u00e1ttur"},"content":{"rendered":"","protected":false},"excerpt":{"rendered":"<p>Snertilaus s\u00f3tthreinsiv\u00e9l!<\/p>\n<p>S\u00f3tthreinsa\u00f0u \u00fea\u00f0 sem \u00fe\u00fa vilt me\u00f0 s\u00f3tthreinsiv\u00e9linni \u00e1n \u00feess a\u00f0 koma vi\u00f0 \u00fea\u00f0!<\/p>\n<p>Hendur &#8211; s\u00edma &#8211; hur\u00f0arh\u00fana &#8211; almenna snertifleti &#8211; kort -peningase\u00f0la &#8211; hva\u00f0 sem er!<\/p>\n<p>V\u00e9lin er \u00fer\u00e1\u00f0laus, me\u00f0 endurhla\u00f0anlegri rafhl\u00f6\u00f0u og inn-rau\u00f0u lj\u00f3si sem skynjar \u00a0hreyfingu \u00feegar \u00e1 a\u00f0 s\u00f3tthreinsa.<\/p>\n<p>Best er a\u00f0 nota 75% spritt-v\u00f6kva (ekki gel)<\/p>\n<p>80 ml tankur, s\u00f3tthreinsar \u00ed allt a\u00f0 500 skipti \u00e1 einum tanki.<\/p>\n<p>2 litir, Bleikur &amp; bl\u00e1r.<\/p>\n<p>&nbsp;<\/p>","protected":false},"featured_media":42082,"comment_status":"closed","ping_status":"closed","template":"","meta":[],"product_brand":[],"product_cat":[230,156,116,121,113],"product_tag":[],"class_list":{"0":"post-52643","1":"product","2":"type-product","3":"status-publish","4":"has-post-thumbnail","6":"product_cat-laekkadverd","7":"product_cat-sotthreinsivelin","8":"product_cat-tilbod","9":"product_cat-tilbod-adrar-vorur","10":"product_cat-utsala","12":"first","13":"instock","14":"sale","15":"shipping-taxable","16":"purchasable","17":"product-type-variable"},"_links":{"self":[{"href":"https:\/\/ilmoliulampar.is\/en_gb\/wp-json\/wp\/v2\/product\/52643","targetHints":{"allow":["GET"]}}],"collection":[{"href":"https:\/\/ilmoliulampar.is\/en_gb\/wp-json\/wp\/v2\/product"}],"about":[{"href":"https:\/\/ilmoliulampar.is\/en_gb\/wp-json\/wp\/v2\/types\/product"}],"replies":[{"embeddable":true,"href":"https:\/\/ilmoliulampar.is\/en_gb\/wp-json\/wp\/v2\/comments?post=52643"}],"wp:featuredmedia":[{"embeddable":true,"href":"https:\/\/ilmoliulampar.is\/en_gb\/wp-json\/wp\/v2\/media\/42082"}],"wp:attachment":[{"href":"https:\/\/ilmoliulampar.is\/en_gb\/wp-json\/wp\/v2\/media?parent=52643"}],"wp:term":[{"taxonomy":"product_brand","embeddable":true,"href":"https:\/\/ilmoliulampar.is\/en_gb\/wp-json\/wp\/v2\/product_brand?post=52643"},{"taxonomy":"product_cat","embeddable":true,"href":"https:\/\/ilmoliulampar.is\/en_gb\/wp-json\/wp\/v2\/product_cat?post=52643"},{"taxonomy":"product_tag","embeddable":true,"href":"https:\/\/ilmoliulampar.is\/en_gb\/wp-json\/wp\/v2\/product_tag?post=52643"}],"curies":[{"name":"wp","href":"https:\/\/api.w.org\/{rel}","templated":true}]}}