{"id":52648,"date":"2020-08-25T16:36:41","date_gmt":"2020-08-25T16:36:41","guid":{"rendered":"https:\/\/new.ilmoliulampar.is\/product\/kasumi-grar-ilmoliulampi\/"},"modified":"2026-02-10T11:26:18","modified_gmt":"2026-02-10T11:26:18","slug":"kasumi-grar-ilmoliulampi","status":"publish","type":"product","link":"https:\/\/ilmoliulampar.is\/en_gb\/product\/kasumi-grar-ilmoliulampi\/","title":{"rendered":"KASUMI &#8211; gr\u00e1r, ilmol\u00edulampi"},"content":{"rendered":"","protected":false},"excerpt":{"rendered":"<p>Kasumi ilmol\u00edulampinn &#8211; steingr\u00e1r.<\/p>\n<p>\u00c1 jap\u00f6nsku merkir or\u00f0i\u00f0 &#8222;Ka&#8220; bl\u00f3m &amp; or\u00f0i\u00f0 &#8222;Sumi&#8220; hreint. Saman merkir or\u00f0i\u00f0 &#8222;Kasumi&#8220; \u00e1 jap\u00f6nsku \u00da\u00d0I e\u00f0a MISTUR. Og kallar fram tilfinninguna af glitrandi fegur\u00f0 s\u00f3lkins og dalal\u00e6g\u00f0ar \u00e1 sv\u00f6lum sumar morgni.<\/p>\n<p>KASUMI ilmol\u00edulampinn kallar fram b\u00e6\u00f0i ilminn af \u00fe\u00ednum upp\u00e1halds ilmol\u00edum &amp; k\u00e6landi mistur sem \u00feyrlast \u00ed hringi ofan \u00e1 sk\u00e1linni&#8230; einstaklega fallegt og d\u00e1lei\u00f0andi! (L\u00edka h\u00e6gt a\u00f0 hafa \u00fa\u00f0ann stilltann \u00feannig a\u00f0hann \u00fa\u00f0i beint upp \u00ed lofti\u00f0, \u00e1n \u00feess a\u00f0 \u00feyrlast \u00ed hringi ofan \u00e1 sk\u00e1linni.)<\/p>\n<p>KASUMI er fr\u00e1b\u00e6r ilmgjafi sem dreyfir \u00fe\u00ednum upp\u00e1halds ilmi um heimili \u00feitt. Me\u00f0 \u00fev\u00ed a\u00f0 setja \u00ed hann vatn og nokkra dropa af ilmol\u00edu e\u00f0a ilmkjarnaol\u00edu og \u00fdta \u00e1 takka \u00fe\u00e1 dreyfir hann \u00e1n \u00feess \u00fe\u00f3 a\u00f0 hita, f\u00ednum \u00fa\u00f0a og ilmandi gufu \u00fat \u00ed andr\u00famslofti\u00f0 sem \u00f6rvar skynf\u00e6rin og gerir \u00fe\u00e9r kleift a\u00f0 s\u00f6kkva inn \u00ed afslappa\u00f0an heim heilunar og jafnv\u00e6gis. \u00deetta er talin vera besta lei\u00f0in til \u00feess dreifa ilmi \u00ed andr\u00famslofti\u00f0, \u00fear sem ilmol\u00edulamparnir hita EKKI ol\u00edurnar og ver\u00f0a \u00fe\u00e6r \u00fev\u00ed ekki fyrir neinum skemmdum.<\/p>\n<p>KASUMI skiptir litum, en einnig er h\u00e6gt a\u00f0 sl\u00f6kkva lj\u00f3sin og hafa bara \u00fa\u00f0ann \u00e1n lj\u00f3ss.<\/p>\n<p>Er \u00ed gangi c.a 4-6 klst, fer eftir stillingu.<\/p>\n<p>Vatnstankur: 120 ml<\/p>\n<p>St\u00e6r\u00f0: 13.9 cm x 15.2 cm<\/p>\n<p>&nbsp;<\/p>\n<p>&nbsp;<\/p>\n<p>&nbsp;<\/p>","protected":false},"featured_media":42125,"comment_status":"closed","ping_status":"closed","template":"","meta":[],"product_brand":[],"product_cat":[182,107],"product_tag":[],"class_list":{"0":"post-52648","1":"product","2":"type-product","3":"status-publish","4":"has-post-thumbnail","6":"product_cat-ilmoliulampar","7":"product_cat-lampar","9":"first","10":"instock","11":"sale","12":"shipping-taxable","13":"purchasable","14":"product-type-simple"},"_links":{"self":[{"href":"https:\/\/ilmoliulampar.is\/en_gb\/wp-json\/wp\/v2\/product\/52648","targetHints":{"allow":["GET"]}}],"collection":[{"href":"https:\/\/ilmoliulampar.is\/en_gb\/wp-json\/wp\/v2\/product"}],"about":[{"href":"https:\/\/ilmoliulampar.is\/en_gb\/wp-json\/wp\/v2\/types\/product"}],"replies":[{"embeddable":true,"href":"https:\/\/ilmoliulampar.is\/en_gb\/wp-json\/wp\/v2\/comments?post=52648"}],"wp:featuredmedia":[{"embeddable":true,"href":"https:\/\/ilmoliulampar.is\/en_gb\/wp-json\/wp\/v2\/media\/42125"}],"wp:attachment":[{"href":"https:\/\/ilmoliulampar.is\/en_gb\/wp-json\/wp\/v2\/media?parent=52648"}],"wp:term":[{"taxonomy":"product_brand","embeddable":true,"href":"https:\/\/ilmoliulampar.is\/en_gb\/wp-json\/wp\/v2\/product_brand?post=52648"},{"taxonomy":"product_cat","embeddable":true,"href":"https:\/\/ilmoliulampar.is\/en_gb\/wp-json\/wp\/v2\/product_cat?post=52648"},{"taxonomy":"product_tag","embeddable":true,"href":"https:\/\/ilmoliulampar.is\/en_gb\/wp-json\/wp\/v2\/product_tag?post=52648"}],"curies":[{"name":"wp","href":"https:\/\/api.w.org\/{rel}","templated":true}]}}