{"id":52656,"date":"2020-09-07T17:17:56","date_gmt":"2020-09-07T17:17:56","guid":{"rendered":"https:\/\/new.ilmoliulampar.is\/product\/marc-inbane-natturuleg-brunkufroda\/"},"modified":"2026-02-03T15:54:54","modified_gmt":"2026-02-03T15:54:54","slug":"marc-inbane-natturuleg-brunkufroda","status":"publish","type":"product","link":"https:\/\/ilmoliulampar.is\/en_gb\/product\/marc-inbane-natturuleg-brunkufroda\/","title":{"rendered":"Marc Inbane &#8211; N\u00e1tt\u00faruleg br\u00fankufro\u00f0a"},"content":{"rendered":"","protected":false},"excerpt":{"rendered":"<div class=\"product-description rte\">\n<div id=\"apd-root\">\n<section class=\"apd-tab apd-content apd-active\">MARC INBANE n\u00e1tt\u00farulega br\u00fankufro\u00f0an er l\u00e9tt og mj\u00fak fro\u00f0a sem gefur n\u00e1tt\u00farulega br\u00fanku sem lagar sig a\u00f0 \u00fe\u00ednum h\u00fa\u00f0lit. Fro\u00f0an hressir upp \u00e1 h\u00fa\u00f0litinn og gerir hann samstundis geislandi. H\u00fan \u00feornar hratt og au\u00f0velt er a\u00f0 bera hana \u00e1 me\u00f0 \u00f6rtrefjahanskanum. Einst\u00f6k form\u00falan inniheldur n\u00e1tt\u00faruleg virk efni og byltingarkennda br\u00fankut\u00e6kni sem m\u00fdkir h\u00fa\u00f0ina og gefur henni n\u00e1tt\u00farulegan lit og lj\u00f3ma. Br\u00fankufro\u00f0an er \u00e1n parabena.Byltingarkennd blandan \u00f6rvar framlei\u00f0slu \u00e1 kollageni og er h\u00f6nnu\u00f0 til a\u00f0 gefa h\u00fa\u00f0inni dj\u00fapan raka. Form\u00falan inniheldur \u00feri\u00f0ju kynsl\u00f3\u00f0ar h\u00fdal\u00far\u00f3ns\u00fdru sem hj\u00e1lpar h\u00fa\u00f0frumum \u00fe\u00ednum a\u00f0 drekka \u00ed sig og vi\u00f0halda raka, vi\u00f0heldur \u00fe\u00e9ttleika og teygjanleika og stu\u00f0lar a\u00f0 heilbrig\u00f0i h\u00fa\u00f0ar. H\u00fan endurvekur daufa og \u00fereytulega h\u00fa\u00f0, m\u00fdkir hana og gefur henni n\u00e1tt\u00farulegan lit.<\/p>\n<p>&nbsp;<\/p>\n<p><strong>Gott r\u00e1\u00f0<\/strong><\/p>\n<p>Nota\u00f0u MARC INBANE \u00f6rtrefjahanskann til a\u00f0 n\u00e1 jafnri br\u00fanku me\u00f0 fullkominni \u00e1fer\u00f0.\u00a0\u00d6rtrefjarnar \u00ed efninu hj\u00e1lpa til vi\u00f0 a\u00f0 dreifa br\u00fankunni og gerir \u00fe\u00e9r kleift a\u00f0 bera \u00e1 sta\u00f0i sem erfitt er a\u00f0 n\u00e1 til svo sem aftan \u00e1 leggjum og handleggjum.<\/p>\n<p>&nbsp;<\/p>\n<p>MARC INBANE\u00a0er h\u00e1g\u00e6\u00f0a hollenskt snyrtiv\u00f6rumerki sem framlei\u00f0ir l\u00faxus h\u00fa\u00f0v\u00f6rur me\u00f0 \u00e1herslu \u00e1 br\u00fankuv\u00f6rur og eru \u00feau frumkv\u00f6\u00f0lar \u00e1 s\u00ednu svi\u00f0i.<\/p>\n<p>Hrein innihaldsefni, faglegt handverk, f\u00e1gu\u00f0 \u00fatlitsh\u00f6nnun og fagmennska \u00ed \u00f6llu framlei\u00f0sluferlinu setur MARC INBANE \u00ed lei\u00f0andi st\u00f6\u00f0u \u00ed framlei\u00f0slu \u00e1 h\u00e1g\u00e6\u00f0a snyrtiv\u00f6rum.<\/p>\n<p>St\u00f6\u00f0ugur vilji okkar hj\u00e1 MARC INBANE til a\u00f0 betrumb\u00e6ta og \u00fer\u00f3a afur\u00f0ir okkar gerir okkur kleift a\u00f0 vera \u00ed fremstu l\u00ednu vi\u00f0 a\u00f0 kynna n\u00fdjustu framfarir \u00ed heimi br\u00fankunnar. Vegna \u00feessa hafa v\u00f6rur okkar unni\u00f0 til ver\u00f0launa um allan heim.<\/p>\n<p>&nbsp;<\/p>\n<p>150ml<\/p>\n<\/section>\n<\/div>\n<\/div>","protected":false},"featured_media":42157,"comment_status":"closed","ping_status":"closed","template":"","meta":[],"product_brand":[],"product_cat":[191,148],"product_tag":[],"class_list":{"0":"post-52656","1":"product","2":"type-product","3":"status-publish","4":"has-post-thumbnail","6":"product_cat-hud-og-snyrtivorur","7":"product_cat-marc-inbane","9":"first","10":"outofstock","11":"shipping-taxable","12":"purchasable","13":"product-type-simple"},"_links":{"self":[{"href":"https:\/\/ilmoliulampar.is\/en_gb\/wp-json\/wp\/v2\/product\/52656","targetHints":{"allow":["GET"]}}],"collection":[{"href":"https:\/\/ilmoliulampar.is\/en_gb\/wp-json\/wp\/v2\/product"}],"about":[{"href":"https:\/\/ilmoliulampar.is\/en_gb\/wp-json\/wp\/v2\/types\/product"}],"replies":[{"embeddable":true,"href":"https:\/\/ilmoliulampar.is\/en_gb\/wp-json\/wp\/v2\/comments?post=52656"}],"wp:featuredmedia":[{"embeddable":true,"href":"https:\/\/ilmoliulampar.is\/en_gb\/wp-json\/wp\/v2\/media\/42157"}],"wp:attachment":[{"href":"https:\/\/ilmoliulampar.is\/en_gb\/wp-json\/wp\/v2\/media?parent=52656"}],"wp:term":[{"taxonomy":"product_brand","embeddable":true,"href":"https:\/\/ilmoliulampar.is\/en_gb\/wp-json\/wp\/v2\/product_brand?post=52656"},{"taxonomy":"product_cat","embeddable":true,"href":"https:\/\/ilmoliulampar.is\/en_gb\/wp-json\/wp\/v2\/product_cat?post=52656"},{"taxonomy":"product_tag","embeddable":true,"href":"https:\/\/ilmoliulampar.is\/en_gb\/wp-json\/wp\/v2\/product_tag?post=52656"}],"curies":[{"name":"wp","href":"https:\/\/api.w.org\/{rel}","templated":true}]}}