{"id":52661,"date":"2020-09-21T16:38:30","date_gmt":"2020-09-21T16:38:30","guid":{"rendered":"https:\/\/new.ilmoliulampar.is\/product\/ancient-wisdom-travel-ease\/"},"modified":"2025-01-24T14:17:24","modified_gmt":"2025-01-24T14:17:24","slug":"ancient-wisdom-travel-ease","status":"publish","type":"product","link":"https:\/\/ilmoliulampar.is\/en_gb\/product\/ancient-wisdom-travel-ease\/","title":{"rendered":"Ancient Wisdom &#8211; Travel Ease"},"content":{"rendered":"","protected":false},"excerpt":{"rendered":"<p>Travel Ease<\/p>\n<p>Spearmint &amp; Lemon<\/p>\n<p>Mj\u00f6g fersk og uppl\u00edfgandi ilmkjarnaol\u00eda sem er algj\u00f6rt &#8222;m\u00f6st&#8220; \u00ed ol\u00edusafni\u00f0.<\/p>","protected":false},"featured_media":42172,"comment_status":"closed","ping_status":"open","template":"","meta":[],"product_brand":[],"product_cat":[224,108],"product_tag":[],"class_list":{"0":"post-52661","1":"product","2":"type-product","3":"status-publish","4":"has-post-thumbnail","6":"product_cat-ilmkjarnaoliur-oliur","7":"product_cat-oliur","9":"first","10":"instock","11":"shipping-taxable","12":"purchasable","13":"product-type-simple"},"_links":{"self":[{"href":"https:\/\/ilmoliulampar.is\/en_gb\/wp-json\/wp\/v2\/product\/52661","targetHints":{"allow":["GET"]}}],"collection":[{"href":"https:\/\/ilmoliulampar.is\/en_gb\/wp-json\/wp\/v2\/product"}],"about":[{"href":"https:\/\/ilmoliulampar.is\/en_gb\/wp-json\/wp\/v2\/types\/product"}],"replies":[{"embeddable":true,"href":"https:\/\/ilmoliulampar.is\/en_gb\/wp-json\/wp\/v2\/comments?post=52661"}],"wp:featuredmedia":[{"embeddable":true,"href":"https:\/\/ilmoliulampar.is\/en_gb\/wp-json\/wp\/v2\/media\/42172"}],"wp:attachment":[{"href":"https:\/\/ilmoliulampar.is\/en_gb\/wp-json\/wp\/v2\/media?parent=52661"}],"wp:term":[{"taxonomy":"product_brand","embeddable":true,"href":"https:\/\/ilmoliulampar.is\/en_gb\/wp-json\/wp\/v2\/product_brand?post=52661"},{"taxonomy":"product_cat","embeddable":true,"href":"https:\/\/ilmoliulampar.is\/en_gb\/wp-json\/wp\/v2\/product_cat?post=52661"},{"taxonomy":"product_tag","embeddable":true,"href":"https:\/\/ilmoliulampar.is\/en_gb\/wp-json\/wp\/v2\/product_tag?post=52661"}],"curies":[{"name":"wp","href":"https:\/\/api.w.org\/{rel}","templated":true}]}}