{"id":52664,"date":"2020-09-29T15:18:20","date_gmt":"2020-09-29T15:18:20","guid":{"rendered":"https:\/\/new.ilmoliulampar.is\/product\/frosty-the-snowman\/"},"modified":"2025-11-05T17:08:16","modified_gmt":"2025-11-05T17:08:16","slug":"frosty-the-snowman","status":"publish","type":"product","link":"https:\/\/ilmoliulampar.is\/en_gb\/product\/frosty-the-snowman\/","title":{"rendered":"FROSTY THE SNOWMAN"},"content":{"rendered":"","protected":false},"excerpt":{"rendered":"<p>\u00deessi ol\u00eda er n\u00e1kv\u00e6mlega eins og hvernig snj\u00f3karlinn Frosty g\u00e6ti hafa ilma\u00f0! Af mintu og vi\u00f0, hrein og fersk. J\u00f3l \u00ed fl\u00f6sku!<\/p>\n<p>Vetrarminta, epli, vi\u00f0ur, sandalwood, musk &amp; Amber.<\/p>","protected":false},"featured_media":42181,"comment_status":"closed","ping_status":"closed","template":"","meta":[],"product_brand":[],"product_cat":[197,108],"product_tag":[],"class_list":{"0":"post-52664","1":"product","2":"type-product","3":"status-publish","4":"has-post-thumbnail","6":"product_cat-jolaoliur-oliur","7":"product_cat-oliur","9":"first","10":"instock","11":"shipping-taxable","12":"purchasable","13":"product-type-simple"},"_links":{"self":[{"href":"https:\/\/ilmoliulampar.is\/en_gb\/wp-json\/wp\/v2\/product\/52664","targetHints":{"allow":["GET"]}}],"collection":[{"href":"https:\/\/ilmoliulampar.is\/en_gb\/wp-json\/wp\/v2\/product"}],"about":[{"href":"https:\/\/ilmoliulampar.is\/en_gb\/wp-json\/wp\/v2\/types\/product"}],"replies":[{"embeddable":true,"href":"https:\/\/ilmoliulampar.is\/en_gb\/wp-json\/wp\/v2\/comments?post=52664"}],"wp:featuredmedia":[{"embeddable":true,"href":"https:\/\/ilmoliulampar.is\/en_gb\/wp-json\/wp\/v2\/media\/42181"}],"wp:attachment":[{"href":"https:\/\/ilmoliulampar.is\/en_gb\/wp-json\/wp\/v2\/media?parent=52664"}],"wp:term":[{"taxonomy":"product_brand","embeddable":true,"href":"https:\/\/ilmoliulampar.is\/en_gb\/wp-json\/wp\/v2\/product_brand?post=52664"},{"taxonomy":"product_cat","embeddable":true,"href":"https:\/\/ilmoliulampar.is\/en_gb\/wp-json\/wp\/v2\/product_cat?post=52664"},{"taxonomy":"product_tag","embeddable":true,"href":"https:\/\/ilmoliulampar.is\/en_gb\/wp-json\/wp\/v2\/product_tag?post=52664"}],"curies":[{"name":"wp","href":"https:\/\/api.w.org\/{rel}","templated":true}]}}