{"id":52665,"date":"2020-09-29T15:29:05","date_gmt":"2020-09-29T15:29:05","guid":{"rendered":"https:\/\/new.ilmoliulampar.is\/product\/ribbon-candy\/"},"modified":"2025-11-05T17:08:24","modified_gmt":"2025-11-05T17:08:24","slug":"ribbon-candy","status":"publish","type":"product","link":"https:\/\/ilmoliulampar.is\/en_gb\/product\/ribbon-candy\/","title":{"rendered":"RIBBON CANDY"},"content":{"rendered":"","protected":false},"excerpt":{"rendered":"<div>RIBBON CANDY<\/div>\n<div><\/div>\n<div>Fagna\u00f0u h\u00e1t\u00ed\u00f0 lj\u00f3ss og fri\u00f0ar me\u00f0 \u00feessum einstaka j\u00f3la ilm. Safar\u00edk hindber og appels\u00ednur \u00ed bland vi\u00f0 s\u00e6t epli, fersk ber og s\u00e6tt bl\u00e1gresi me\u00f0 dass af kanilsykri og musk.<\/div>\n<div>Kl\u00edstru\u00f0, s\u00e6t, alveg eins og nammi\u00f0!<\/div>","protected":false},"featured_media":42184,"comment_status":"closed","ping_status":"closed","template":"","meta":[],"product_brand":[],"product_cat":[197,108],"product_tag":[],"class_list":{"0":"post-52665","1":"product","2":"type-product","3":"status-publish","4":"has-post-thumbnail","6":"product_cat-jolaoliur-oliur","7":"product_cat-oliur","9":"first","10":"instock","11":"shipping-taxable","12":"purchasable","13":"product-type-simple"},"_links":{"self":[{"href":"https:\/\/ilmoliulampar.is\/en_gb\/wp-json\/wp\/v2\/product\/52665","targetHints":{"allow":["GET"]}}],"collection":[{"href":"https:\/\/ilmoliulampar.is\/en_gb\/wp-json\/wp\/v2\/product"}],"about":[{"href":"https:\/\/ilmoliulampar.is\/en_gb\/wp-json\/wp\/v2\/types\/product"}],"replies":[{"embeddable":true,"href":"https:\/\/ilmoliulampar.is\/en_gb\/wp-json\/wp\/v2\/comments?post=52665"}],"wp:featuredmedia":[{"embeddable":true,"href":"https:\/\/ilmoliulampar.is\/en_gb\/wp-json\/wp\/v2\/media\/42184"}],"wp:attachment":[{"href":"https:\/\/ilmoliulampar.is\/en_gb\/wp-json\/wp\/v2\/media?parent=52665"}],"wp:term":[{"taxonomy":"product_brand","embeddable":true,"href":"https:\/\/ilmoliulampar.is\/en_gb\/wp-json\/wp\/v2\/product_brand?post=52665"},{"taxonomy":"product_cat","embeddable":true,"href":"https:\/\/ilmoliulampar.is\/en_gb\/wp-json\/wp\/v2\/product_cat?post=52665"},{"taxonomy":"product_tag","embeddable":true,"href":"https:\/\/ilmoliulampar.is\/en_gb\/wp-json\/wp\/v2\/product_tag?post=52665"}],"curies":[{"name":"wp","href":"https:\/\/api.w.org\/{rel}","templated":true}]}}