{"id":52666,"date":"2020-09-29T15:36:54","date_gmt":"2020-09-29T15:36:54","guid":{"rendered":"https:\/\/new.ilmoliulampar.is\/product\/holiday-sparkle\/"},"modified":"2025-07-15T17:32:16","modified_gmt":"2025-07-15T17:32:16","slug":"holiday-sparkle","status":"publish","type":"product","link":"https:\/\/ilmoliulampar.is\/en_gb\/product\/holiday-sparkle\/","title":{"rendered":"Holiday Sparkle"},"content":{"rendered":"","protected":false},"excerpt":{"rendered":"<p>HOLIDAY SPARKLE<\/p>\n<p>Fagna\u00f0u j\u00f3lah\u00e1t\u00ed\u00f0inni me\u00f0 \u00feessum s\u00e6ta &#8222;bubblandi&#8220; \u00e1vaxtadrykk. Ferskju, appels\u00ednu og \u00f6rl\u00edti\u00f0 Rosemary bori\u00f0 fram \u00ed fallegu glasi, fullu af kampav\u00edni me\u00f0 dass af eplum og Neroli.<\/p>\n<p>Sm\u00e1 vi\u00f0art\u00f3nar, Amber og mj\u00fakt Musk. Fersk og hrein, goskennd og una\u00f0sleg!<\/p>","protected":false},"featured_media":42187,"comment_status":"closed","ping_status":"closed","template":"","meta":[],"product_brand":[],"product_cat":[197,108],"product_tag":[],"class_list":{"0":"post-52666","1":"product","2":"type-product","3":"status-publish","4":"has-post-thumbnail","6":"product_cat-jolaoliur-oliur","7":"product_cat-oliur","9":"first","10":"instock","11":"shipping-taxable","12":"purchasable","13":"product-type-simple"},"_links":{"self":[{"href":"https:\/\/ilmoliulampar.is\/en_gb\/wp-json\/wp\/v2\/product\/52666","targetHints":{"allow":["GET"]}}],"collection":[{"href":"https:\/\/ilmoliulampar.is\/en_gb\/wp-json\/wp\/v2\/product"}],"about":[{"href":"https:\/\/ilmoliulampar.is\/en_gb\/wp-json\/wp\/v2\/types\/product"}],"replies":[{"embeddable":true,"href":"https:\/\/ilmoliulampar.is\/en_gb\/wp-json\/wp\/v2\/comments?post=52666"}],"wp:featuredmedia":[{"embeddable":true,"href":"https:\/\/ilmoliulampar.is\/en_gb\/wp-json\/wp\/v2\/media\/42187"}],"wp:attachment":[{"href":"https:\/\/ilmoliulampar.is\/en_gb\/wp-json\/wp\/v2\/media?parent=52666"}],"wp:term":[{"taxonomy":"product_brand","embeddable":true,"href":"https:\/\/ilmoliulampar.is\/en_gb\/wp-json\/wp\/v2\/product_brand?post=52666"},{"taxonomy":"product_cat","embeddable":true,"href":"https:\/\/ilmoliulampar.is\/en_gb\/wp-json\/wp\/v2\/product_cat?post=52666"},{"taxonomy":"product_tag","embeddable":true,"href":"https:\/\/ilmoliulampar.is\/en_gb\/wp-json\/wp\/v2\/product_tag?post=52666"}],"curies":[{"name":"wp","href":"https:\/\/api.w.org\/{rel}","templated":true}]}}