{"id":52667,"date":"2020-09-29T15:51:49","date_gmt":"2020-09-29T15:51:49","guid":{"rendered":"https:\/\/new.ilmoliulampar.is\/product\/christmas-bark\/"},"modified":"2025-07-15T17:18:15","modified_gmt":"2025-07-15T17:18:15","slug":"christmas-bark","status":"publish","type":"product","link":"https:\/\/ilmoliulampar.is\/en_gb\/product\/christmas-bark\/","title":{"rendered":"Christmas Bark"},"content":{"rendered":"","protected":false},"excerpt":{"rendered":"<p>CHRISTMAS BARK<\/p>\n<p>Sannk\u00f6llu\u00f0 h\u00e1t\u00ed\u00f0arblanda af s\u00fakkula\u00f0i &#8211; mintu &#8211; kanil pipark\u00f6kum! GU\u00d0D\u00d3MLEG! Piparmintu snafs, s\u00e6tur rj\u00f3mi, vanilla, kanil og s\u00fakkula\u00f0i, \u00f6llu blanda\u00f0 saman \u00ed \u00feetta t\u00f6frandi j\u00f3la s\u00e6lg\u00e6ti!<\/p>","protected":false},"featured_media":42192,"comment_status":"closed","ping_status":"closed","template":"","meta":[],"product_brand":[],"product_cat":[197,108],"product_tag":[],"class_list":{"0":"post-52667","1":"product","2":"type-product","3":"status-publish","4":"has-post-thumbnail","6":"product_cat-jolaoliur-oliur","7":"product_cat-oliur","9":"first","10":"instock","11":"shipping-taxable","12":"purchasable","13":"product-type-simple"},"_links":{"self":[{"href":"https:\/\/ilmoliulampar.is\/en_gb\/wp-json\/wp\/v2\/product\/52667","targetHints":{"allow":["GET"]}}],"collection":[{"href":"https:\/\/ilmoliulampar.is\/en_gb\/wp-json\/wp\/v2\/product"}],"about":[{"href":"https:\/\/ilmoliulampar.is\/en_gb\/wp-json\/wp\/v2\/types\/product"}],"replies":[{"embeddable":true,"href":"https:\/\/ilmoliulampar.is\/en_gb\/wp-json\/wp\/v2\/comments?post=52667"}],"wp:featuredmedia":[{"embeddable":true,"href":"https:\/\/ilmoliulampar.is\/en_gb\/wp-json\/wp\/v2\/media\/42192"}],"wp:attachment":[{"href":"https:\/\/ilmoliulampar.is\/en_gb\/wp-json\/wp\/v2\/media?parent=52667"}],"wp:term":[{"taxonomy":"product_brand","embeddable":true,"href":"https:\/\/ilmoliulampar.is\/en_gb\/wp-json\/wp\/v2\/product_brand?post=52667"},{"taxonomy":"product_cat","embeddable":true,"href":"https:\/\/ilmoliulampar.is\/en_gb\/wp-json\/wp\/v2\/product_cat?post=52667"},{"taxonomy":"product_tag","embeddable":true,"href":"https:\/\/ilmoliulampar.is\/en_gb\/wp-json\/wp\/v2\/product_tag?post=52667"}],"curies":[{"name":"wp","href":"https:\/\/api.w.org\/{rel}","templated":true}]}}