{"id":52678,"date":"2020-11-11T16:58:01","date_gmt":"2020-11-11T16:58:01","guid":{"rendered":"https:\/\/new.ilmoliulampar.is\/product\/aspen-winter\/"},"modified":"2025-10-30T17:41:18","modified_gmt":"2025-10-30T17:41:18","slug":"aspen-winter","status":"publish","type":"product","link":"https:\/\/ilmoliulampar.is\/en_gb\/product\/aspen-winter\/","title":{"rendered":"ASPEN WINTER"},"content":{"rendered":"","protected":false},"excerpt":{"rendered":"<div>Aspen Winter &#8211; Bath &amp; Bodyworks type<\/div>\n<div><\/div>\n<div>Greni, ferskir \u00e1vextir &amp; krydd!<\/div>\n<div>Finndu vetrar-d\u00fdr\u00f0ina \u00ed fj\u00f6llum Colarado, \u00feessi ilmur er eins og alv\u00f6ru j\u00f3latr\u00e9. Sn\u00e6vi \u00feakinn furutr\u00e9 og safar\u00edkur s\u00edtrus \u00ed bland vi\u00f0 vanillu og krydd. \u00deessi j\u00f3la ilmur er \u00c6\u00d0I!<\/div>","protected":false},"featured_media":42261,"comment_status":"closed","ping_status":"closed","template":"","meta":[],"product_brand":[],"product_cat":[195,197,108],"product_tag":[],"class_list":{"0":"post-52678","1":"product","2":"type-product","3":"status-publish","4":"has-post-thumbnail","6":"product_cat-ilmoliur-oliur","7":"product_cat-jolaoliur-oliur","8":"product_cat-oliur","10":"first","11":"instock","12":"shipping-taxable","13":"purchasable","14":"product-type-simple"},"_links":{"self":[{"href":"https:\/\/ilmoliulampar.is\/en_gb\/wp-json\/wp\/v2\/product\/52678","targetHints":{"allow":["GET"]}}],"collection":[{"href":"https:\/\/ilmoliulampar.is\/en_gb\/wp-json\/wp\/v2\/product"}],"about":[{"href":"https:\/\/ilmoliulampar.is\/en_gb\/wp-json\/wp\/v2\/types\/product"}],"replies":[{"embeddable":true,"href":"https:\/\/ilmoliulampar.is\/en_gb\/wp-json\/wp\/v2\/comments?post=52678"}],"wp:featuredmedia":[{"embeddable":true,"href":"https:\/\/ilmoliulampar.is\/en_gb\/wp-json\/wp\/v2\/media\/42261"}],"wp:attachment":[{"href":"https:\/\/ilmoliulampar.is\/en_gb\/wp-json\/wp\/v2\/media?parent=52678"}],"wp:term":[{"taxonomy":"product_brand","embeddable":true,"href":"https:\/\/ilmoliulampar.is\/en_gb\/wp-json\/wp\/v2\/product_brand?post=52678"},{"taxonomy":"product_cat","embeddable":true,"href":"https:\/\/ilmoliulampar.is\/en_gb\/wp-json\/wp\/v2\/product_cat?post=52678"},{"taxonomy":"product_tag","embeddable":true,"href":"https:\/\/ilmoliulampar.is\/en_gb\/wp-json\/wp\/v2\/product_tag?post=52678"}],"curies":[{"name":"wp","href":"https:\/\/api.w.org\/{rel}","templated":true}]}}