{"id":52691,"date":"2020-11-20T14:59:09","date_gmt":"2020-11-20T14:59:09","guid":{"rendered":"https:\/\/new.ilmoliulampar.is\/product\/luminarie-ilmoliulampi\/"},"modified":"2026-01-30T14:14:28","modified_gmt":"2026-01-30T14:14:28","slug":"luminarie-ilmoliulampi","status":"publish","type":"product","link":"https:\/\/ilmoliulampar.is\/en_gb\/product\/luminarie-ilmoliulampi\/","title":{"rendered":"LUMINARIE &#8211; gylltur, ilmol\u00edulampi"},"content":{"rendered":"","protected":false},"excerpt":{"rendered":"<div class=\"\" data-block=\"true\" data-editor=\"bajr2\" data-offset-key=\"1tub0-0-0\">\n<div class=\"_1mf _1mj\" data-offset-key=\"1tub0-0-0\"><span data-offset-key=\"essac-0-0\">LUMINARIE! K\u00fapullinn er \u00far handger\u00f0um gylltum m\u00e1lmi.<\/span><\/div>\n<\/div>\n<div class=\"\" data-block=\"true\" data-editor=\"bajr2\" data-offset-key=\"bu40q-0-0\">\n<div class=\"_1mf _1mj\" data-offset-key=\"bu40q-0-0\"><span data-offset-key=\"bu40q-0-0\">Sem gerir hann s\u00e9rstaklega elegant og veglegan.<\/span><\/div>\n<\/div>\n<div class=\"\" data-block=\"true\" data-editor=\"bajr2\" data-offset-key=\"6cd8o-0-0\">\n<div class=\"_1mf _1mj\" data-offset-key=\"6cd8o-0-0\"><span data-offset-key=\"6cd8o-0-0\">Mj\u00fak l\u00fdsing, sem h\u00e6gt er a\u00f0 stilla upp og ni\u00f0ur.<\/span><\/div>\n<div data-offset-key=\"6cd8o-0-0\">\n<p>Me\u00f0 \u00fev\u00ed a\u00f0 b\u00e6ta vi\u00f0 kranavatni og nokkrum dropum af upp\u00e1halds ilmol\u00edunni \u00feinni \u00ed \u00fa\u00f0ann, mun hann me\u00f0 \u00fev\u00ed a\u00f0 \u00fdta \u00e1 einn takka, um lei\u00f0 veita hitalausu og algj\u00f6rlega \u00f6ruggu f\u00ednu misti af ilmandi gufu \u00ed andr\u00famslofti\u00f0 til a\u00f0 \u00f6rva skilningarvitin og leyfa \u00fe\u00e9r a\u00f0 s\u00f6kkva ofan \u00ed afslappandi heim heilunar og jafnv\u00e6gis. Tali\u00f0 er a\u00f0 \u00feetta s\u00e9 besta lei\u00f0in til a\u00f0 \u00fa\u00f0a ilmi \u00ed andr\u00famslofti\u00f0, \u00fear sem enginn hiti er nota\u00f0ur og ol\u00edurnar brotna ekki ni\u00f0ur.<\/p>\n<p>LUMINARIE ilmol\u00edulamparnir hafa einnig \u00fa\u00f0astj\u00f3rnun sem skiptir sj\u00e1lfkrafa um \u00fa\u00f0un og gufu me\u00f0 sek\u00fandna millibili, sem er tilvali\u00f0 \u00feegar nota skal sterkari ilm. Ef \u00fe\u00fa notar \u00fa\u00f0ann \u00e1n ol\u00edu og ilms, getur\u00f0u samt sem \u00e1\u00f0ur noti\u00f0 rakans af \u00fa\u00f0anum en hann er tilvalinn til a\u00f0 vinna m\u00f3t \u00feurrki sem skapast af n\u00fat\u00edma upphitun og loftk\u00e6lingu.<\/p>\n<p>LUMINARIE slekkur \u00e1 s\u00e9r sj\u00e1lfur \u00feegar vatni\u00f0 fer ni\u00f0ur fyrir \u00e1kve\u00f0in m\u00f6rk, sem \u00fe\u00fd\u00f0ir a\u00f0 hann er fullkomlega \u00f6ruggur og tilvalinn til notkunar innan um b\u00f6rn og h\u00fasd\u00fdr.<\/p>\n<p>LUMINARIE er rakat\u00e6ki \u2013 j\u00f3nat\u00e6ki \u2013 hreinsun \u00e1 lofti \u2013 ilmgjafi ef vill og l\u00edti\u00f0 fallegt lj\u00f3s.<\/p>\n<\/div>\n<\/div>\n<div class=\"\" data-block=\"true\" data-editor=\"bajr2\" data-offset-key=\"6g35v-0-0\">\n<div class=\"_1mf _1mj\" data-offset-key=\"6g35v-0-0\"><span data-offset-key=\"6g35v-0-0\">St\u00e6r\u00f0: 14x14x13,5<\/span><\/div>\n<\/div>\n<div class=\"\" data-block=\"true\" data-editor=\"bajr2\" data-offset-key=\"4vv91-0-0\">\n<div class=\"_1mf _1mj\" data-offset-key=\"4vv91-0-0\"><span data-offset-key=\"4vv91-0-0\">Vatnstankur: 100 ml (getur veri\u00f0 \u00ed 5-10 klst \u00ed gangi \u00ed einu, fer eftir stillingu)<\/span><\/div>\n<\/div>\n<div class=\"\" data-block=\"true\" data-editor=\"bajr2\" data-offset-key=\"cjp9c-0-0\"><\/div>\n<div class=\"\" data-block=\"true\" data-editor=\"bajr2\" data-offset-key=\"5e2vd-0-0\">\n<div class=\"_1mf _1mj\" data-offset-key=\"5e2vd-0-0\"><\/div>\n<\/div>\n<div class=\"\" data-block=\"true\" data-editor=\"bajr2\" data-offset-key=\"cveer-0-0\">\n<div class=\"_1mf _1mj\" data-offset-key=\"cveer-0-0\"><span data-offset-key=\"cveer-0-0\">\u00a0<\/span><\/div>\n<\/div>\n<div class=\"\" data-block=\"true\" data-editor=\"bajr2\" data-offset-key=\"4bglj-0-0\"><\/div>","protected":false},"featured_media":42300,"comment_status":"closed","ping_status":"closed","template":"","meta":[],"product_brand":[],"product_cat":[182,107],"product_tag":[],"class_list":{"0":"post-52691","1":"product","2":"type-product","3":"status-publish","4":"has-post-thumbnail","6":"product_cat-ilmoliulampar","7":"product_cat-lampar","9":"first","10":"instock","11":"shipping-taxable","12":"purchasable","13":"product-type-simple"},"_links":{"self":[{"href":"https:\/\/ilmoliulampar.is\/en_gb\/wp-json\/wp\/v2\/product\/52691","targetHints":{"allow":["GET"]}}],"collection":[{"href":"https:\/\/ilmoliulampar.is\/en_gb\/wp-json\/wp\/v2\/product"}],"about":[{"href":"https:\/\/ilmoliulampar.is\/en_gb\/wp-json\/wp\/v2\/types\/product"}],"replies":[{"embeddable":true,"href":"https:\/\/ilmoliulampar.is\/en_gb\/wp-json\/wp\/v2\/comments?post=52691"}],"wp:featuredmedia":[{"embeddable":true,"href":"https:\/\/ilmoliulampar.is\/en_gb\/wp-json\/wp\/v2\/media\/42300"}],"wp:attachment":[{"href":"https:\/\/ilmoliulampar.is\/en_gb\/wp-json\/wp\/v2\/media?parent=52691"}],"wp:term":[{"taxonomy":"product_brand","embeddable":true,"href":"https:\/\/ilmoliulampar.is\/en_gb\/wp-json\/wp\/v2\/product_brand?post=52691"},{"taxonomy":"product_cat","embeddable":true,"href":"https:\/\/ilmoliulampar.is\/en_gb\/wp-json\/wp\/v2\/product_cat?post=52691"},{"taxonomy":"product_tag","embeddable":true,"href":"https:\/\/ilmoliulampar.is\/en_gb\/wp-json\/wp\/v2\/product_tag?post=52691"}],"curies":[{"name":"wp","href":"https:\/\/api.w.org\/{rel}","templated":true}]}}