{"id":52692,"date":"2020-11-24T15:19:00","date_gmt":"2020-11-24T15:19:00","guid":{"rendered":"https:\/\/new.ilmoliulampar.is\/product\/ancient-happiness\/"},"modified":"2025-10-30T13:09:58","modified_gmt":"2025-10-30T13:09:58","slug":"ancient-happiness","status":"publish","type":"product","link":"https:\/\/ilmoliulampar.is\/en_gb\/product\/ancient-happiness\/","title":{"rendered":"Ancient Wisdom &#8211; Happiness"},"content":{"rendered":"","protected":false},"excerpt":{"rendered":"<p>Umkringdu \u00feig af hamingju me\u00f0 Happiness ilmkjarnaol\u00edunni!<\/p>\n<p>Happiness er blanda af Bergamot, Ylang Ylang, grapefruit, en \u00fe\u00e6r eru \u00feekktar fyrir \u00fea\u00f0 a\u00f0 hj\u00e1lpa til vi\u00f0 \u00feunglyndi, \u00fear sem \u00fe\u00e6r eru allar mj\u00f6g uppl\u00edfgandi fyrir s\u00e1lina! Einnig getur h\u00fan haft kyn\u00f6rvandi \u00e1hrif! \ud83d\ude09 Rosalega fersk, l\u00e9tt og d\u00e1samleg!<\/p>\n<p>\u00de\u00fa getur fari\u00f0 \u00ed gott sl\u00f6kunar ba\u00f0 me\u00f0 Happiness, sett nokkra undir iljarnar e\u00f0a \u00ed l\u00f3fann.<\/p>","protected":false},"featured_media":42305,"comment_status":"closed","ping_status":"closed","template":"","meta":[],"product_brand":[],"product_cat":[224,108],"product_tag":[],"class_list":{"0":"post-52692","1":"product","2":"type-product","3":"status-publish","4":"has-post-thumbnail","6":"product_cat-ilmkjarnaoliur-oliur","7":"product_cat-oliur","9":"first","10":"instock","11":"shipping-taxable","12":"purchasable","13":"product-type-simple"},"_links":{"self":[{"href":"https:\/\/ilmoliulampar.is\/en_gb\/wp-json\/wp\/v2\/product\/52692","targetHints":{"allow":["GET"]}}],"collection":[{"href":"https:\/\/ilmoliulampar.is\/en_gb\/wp-json\/wp\/v2\/product"}],"about":[{"href":"https:\/\/ilmoliulampar.is\/en_gb\/wp-json\/wp\/v2\/types\/product"}],"replies":[{"embeddable":true,"href":"https:\/\/ilmoliulampar.is\/en_gb\/wp-json\/wp\/v2\/comments?post=52692"}],"wp:featuredmedia":[{"embeddable":true,"href":"https:\/\/ilmoliulampar.is\/en_gb\/wp-json\/wp\/v2\/media\/42305"}],"wp:attachment":[{"href":"https:\/\/ilmoliulampar.is\/en_gb\/wp-json\/wp\/v2\/media?parent=52692"}],"wp:term":[{"taxonomy":"product_brand","embeddable":true,"href":"https:\/\/ilmoliulampar.is\/en_gb\/wp-json\/wp\/v2\/product_brand?post=52692"},{"taxonomy":"product_cat","embeddable":true,"href":"https:\/\/ilmoliulampar.is\/en_gb\/wp-json\/wp\/v2\/product_cat?post=52692"},{"taxonomy":"product_tag","embeddable":true,"href":"https:\/\/ilmoliulampar.is\/en_gb\/wp-json\/wp\/v2\/product_tag?post=52692"}],"curies":[{"name":"wp","href":"https:\/\/api.w.org\/{rel}","templated":true}]}}