{"id":52693,"date":"2020-11-30T16:26:11","date_gmt":"2020-11-30T16:26:11","guid":{"rendered":"https:\/\/new.ilmoliulampar.is\/product\/amber-romance-vs-type\/"},"modified":"2026-03-10T12:20:54","modified_gmt":"2026-03-10T12:20:54","slug":"amber-romance-vs-type","status":"publish","type":"product","link":"https:\/\/ilmoliulampar.is\/en_gb\/product\/amber-romance-vs-type\/","title":{"rendered":"AMBER ROMANCE &#8211; VS"},"content":{"rendered":"","protected":false},"excerpt":{"rendered":"<p>Amber Romance VS type &#8211; ilmol\u00eda<\/p>\n<p>Einstaklega mj\u00fak og g\u00f3\u00f0. Amber \u00ed bland vi\u00f0 sykurs\u00e6ta \u00e1vaxta t\u00f3na&#8230;. r\u00f3mant\u00edk \u00ed fl\u00f6sku!<\/p>\n<p>&nbsp;<\/p>\n<p><em>(Athugi\u00f0, um er a\u00f0 r\u00e6\u00f0a ilmol\u00edu, myndin er notu\u00f0 til \u00feess a\u00f0 l\u00fdsa ilminum af ol\u00edunni.)<\/em><\/p>","protected":false},"featured_media":42308,"comment_status":"closed","ping_status":"closed","template":"","meta":[],"product_brand":[],"product_cat":[195,108],"product_tag":[],"class_list":{"0":"post-52693","1":"product","2":"type-product","3":"status-publish","4":"has-post-thumbnail","6":"product_cat-ilmoliur-oliur","7":"product_cat-oliur","9":"first","10":"instock","11":"shipping-taxable","12":"purchasable","13":"product-type-simple"},"_links":{"self":[{"href":"https:\/\/ilmoliulampar.is\/en_gb\/wp-json\/wp\/v2\/product\/52693","targetHints":{"allow":["GET"]}}],"collection":[{"href":"https:\/\/ilmoliulampar.is\/en_gb\/wp-json\/wp\/v2\/product"}],"about":[{"href":"https:\/\/ilmoliulampar.is\/en_gb\/wp-json\/wp\/v2\/types\/product"}],"replies":[{"embeddable":true,"href":"https:\/\/ilmoliulampar.is\/en_gb\/wp-json\/wp\/v2\/comments?post=52693"}],"wp:featuredmedia":[{"embeddable":true,"href":"https:\/\/ilmoliulampar.is\/en_gb\/wp-json\/wp\/v2\/media\/42308"}],"wp:attachment":[{"href":"https:\/\/ilmoliulampar.is\/en_gb\/wp-json\/wp\/v2\/media?parent=52693"}],"wp:term":[{"taxonomy":"product_brand","embeddable":true,"href":"https:\/\/ilmoliulampar.is\/en_gb\/wp-json\/wp\/v2\/product_brand?post=52693"},{"taxonomy":"product_cat","embeddable":true,"href":"https:\/\/ilmoliulampar.is\/en_gb\/wp-json\/wp\/v2\/product_cat?post=52693"},{"taxonomy":"product_tag","embeddable":true,"href":"https:\/\/ilmoliulampar.is\/en_gb\/wp-json\/wp\/v2\/product_tag?post=52693"}],"curies":[{"name":"wp","href":"https:\/\/api.w.org\/{rel}","templated":true}]}}