{"id":52694,"date":"2020-11-30T16:59:37","date_gmt":"2020-11-30T16:59:37","guid":{"rendered":"https:\/\/new.ilmoliulampar.is\/product\/magnolia-blossom-bbw-type-ilmolia\/"},"modified":"2026-03-11T14:02:35","modified_gmt":"2026-03-11T14:02:35","slug":"magnolia-blossom-bbw-type-ilmolia","status":"publish","type":"product","link":"https:\/\/ilmoliulampar.is\/en_gb\/product\/magnolia-blossom-bbw-type-ilmolia\/","title":{"rendered":"MAGNOLIA BLOSSOM &#8211; BBW"},"content":{"rendered":"","protected":false},"excerpt":{"rendered":"<p>Magnolia Blossom Bath &amp; body works &#8211; ilmol\u00eda<\/p>\n<p>R\u00f3mant\u00edsk og \u00e6\u00f0sileg! Sandalwood, magnol\u00eda \u00ed bland vi\u00f0 Amber.<\/p>\n<p><em>(ATH, um er a\u00f0 r\u00e6\u00f0a ilmol\u00edu, myndin er notu\u00f0 til \u00feess a\u00f0 l\u00fdsa ilminum sem \u00e1tt er vi\u00f0)<\/em><\/p>\n<p>&nbsp;<\/p>","protected":false},"featured_media":42311,"comment_status":"closed","ping_status":"closed","template":"","meta":[],"product_brand":[],"product_cat":[195,108],"product_tag":[],"class_list":{"0":"post-52694","1":"product","2":"type-product","3":"status-publish","4":"has-post-thumbnail","6":"product_cat-ilmoliur-oliur","7":"product_cat-oliur","9":"first","10":"instock","11":"shipping-taxable","12":"purchasable","13":"product-type-simple"},"_links":{"self":[{"href":"https:\/\/ilmoliulampar.is\/en_gb\/wp-json\/wp\/v2\/product\/52694","targetHints":{"allow":["GET"]}}],"collection":[{"href":"https:\/\/ilmoliulampar.is\/en_gb\/wp-json\/wp\/v2\/product"}],"about":[{"href":"https:\/\/ilmoliulampar.is\/en_gb\/wp-json\/wp\/v2\/types\/product"}],"replies":[{"embeddable":true,"href":"https:\/\/ilmoliulampar.is\/en_gb\/wp-json\/wp\/v2\/comments?post=52694"}],"wp:featuredmedia":[{"embeddable":true,"href":"https:\/\/ilmoliulampar.is\/en_gb\/wp-json\/wp\/v2\/media\/42311"}],"wp:attachment":[{"href":"https:\/\/ilmoliulampar.is\/en_gb\/wp-json\/wp\/v2\/media?parent=52694"}],"wp:term":[{"taxonomy":"product_brand","embeddable":true,"href":"https:\/\/ilmoliulampar.is\/en_gb\/wp-json\/wp\/v2\/product_brand?post=52694"},{"taxonomy":"product_cat","embeddable":true,"href":"https:\/\/ilmoliulampar.is\/en_gb\/wp-json\/wp\/v2\/product_cat?post=52694"},{"taxonomy":"product_tag","embeddable":true,"href":"https:\/\/ilmoliulampar.is\/en_gb\/wp-json\/wp\/v2\/product_tag?post=52694"}],"curies":[{"name":"wp","href":"https:\/\/api.w.org\/{rel}","templated":true}]}}