{"id":52695,"date":"2020-12-08T14:34:07","date_gmt":"2020-12-08T14:34:07","guid":{"rendered":"https:\/\/new.ilmoliulampar.is\/product\/macintosh-apple-yankee-type\/"},"modified":"2025-10-31T14:34:37","modified_gmt":"2025-10-31T14:34:37","slug":"macintosh-apple-yankee-type","status":"publish","type":"product","link":"https:\/\/ilmoliulampar.is\/en_gb\/product\/macintosh-apple-yankee-type\/","title":{"rendered":"MACINTOSH APPLE &#8211; YANKEE TYPE"},"content":{"rendered":"","protected":false},"excerpt":{"rendered":"<div dir=\"auto\">Macintosh apple ilmol\u00eda.<\/div>\n<div dir=\"auto\">\u00deekkir \u00fe\u00fa Mac apple ilminn fr\u00e1 Yankee candle? \u00deetta er akkurat s\u00e1 ilmur<\/div>\n<div dir=\"auto\">Ekta rau\u00f0 \u00ferosku\u00f0 j\u00f3laepli<\/div>\n<div dir=\"auto\">\u00dea\u00f0 er svo gaman a\u00f0 blanda henni l\u00edka vi\u00f0 a\u00f0ra ilmi.<\/div>\n<div dir=\"auto\">\u00c6\u00f0islegur ekta eplailmur!<\/div>\n<div dir=\"auto\">10 ml glas<\/div>\n<div dir=\"auto\"><\/div>\n<div dir=\"auto\">(Athugi\u00f0 a\u00f0 \u00feetta er ilmol\u00eda, ekki ilmkerti)<\/div>","protected":false},"featured_media":42314,"comment_status":"closed","ping_status":"closed","template":"","meta":[],"product_brand":[],"product_cat":[195,197,108],"product_tag":[],"class_list":{"0":"post-52695","1":"product","2":"type-product","3":"status-publish","4":"has-post-thumbnail","6":"product_cat-ilmoliur-oliur","7":"product_cat-jolaoliur-oliur","8":"product_cat-oliur","10":"first","11":"instock","12":"shipping-taxable","13":"purchasable","14":"product-type-simple"},"_links":{"self":[{"href":"https:\/\/ilmoliulampar.is\/en_gb\/wp-json\/wp\/v2\/product\/52695","targetHints":{"allow":["GET"]}}],"collection":[{"href":"https:\/\/ilmoliulampar.is\/en_gb\/wp-json\/wp\/v2\/product"}],"about":[{"href":"https:\/\/ilmoliulampar.is\/en_gb\/wp-json\/wp\/v2\/types\/product"}],"replies":[{"embeddable":true,"href":"https:\/\/ilmoliulampar.is\/en_gb\/wp-json\/wp\/v2\/comments?post=52695"}],"wp:featuredmedia":[{"embeddable":true,"href":"https:\/\/ilmoliulampar.is\/en_gb\/wp-json\/wp\/v2\/media\/42314"}],"wp:attachment":[{"href":"https:\/\/ilmoliulampar.is\/en_gb\/wp-json\/wp\/v2\/media?parent=52695"}],"wp:term":[{"taxonomy":"product_brand","embeddable":true,"href":"https:\/\/ilmoliulampar.is\/en_gb\/wp-json\/wp\/v2\/product_brand?post=52695"},{"taxonomy":"product_cat","embeddable":true,"href":"https:\/\/ilmoliulampar.is\/en_gb\/wp-json\/wp\/v2\/product_cat?post=52695"},{"taxonomy":"product_tag","embeddable":true,"href":"https:\/\/ilmoliulampar.is\/en_gb\/wp-json\/wp\/v2\/product_tag?post=52695"}],"curies":[{"name":"wp","href":"https:\/\/api.w.org\/{rel}","templated":true}]}}