{"id":52701,"date":"2020-12-11T17:17:39","date_gmt":"2020-12-11T17:17:39","guid":{"rendered":"https:\/\/new.ilmoliulampar.is\/product\/rose\/"},"modified":"2024-07-11T16:40:04","modified_gmt":"2024-07-11T16:40:04","slug":"rose","status":"publish","type":"product","link":"https:\/\/ilmoliulampar.is\/en_gb\/product\/rose\/","title":{"rendered":"Rose"},"content":{"rendered":"","protected":false},"excerpt":{"rendered":"<p>Hrein Rose ilmkjarnaol\u00eda<\/p>\n<p>Ilmar af ferskum r\u00f3sum.<\/p>\n<p>Ol\u00edan er uppl\u00edfgandi, b\u00f3lguey\u00f0andi, hital\u00e6kkandi, verkjastillandi, s\u00f3tthreinsandi, krampastillandi, veirudrepandi, kyn\u00f6rvandi, samandragandi, bakter\u00edudrepandi, horm\u00f3najafnandi, r\u00f3andi og slakandi, styrkjandi og endurn\u00e6randi fyrir taugakerfi\u00f0. H\u00fan r\u00f3ar sorg og er g\u00f3\u00f0 vi\u00f0 \u00feunglyndi og \u00e1 hjartaorkust\u00f6\u00f0ina. H\u00fan hj\u00e1lpar gegn \u00f3t\u00edmab\u00e6rri \u00f6ldrun, s\u00e9rstaklega hj\u00e1 ro\u00f0amikilli og vi\u00f0kv\u00e6mri h\u00fa\u00f0. Mj\u00f6g g\u00f3\u00f0 h\u00fa\u00f0ol\u00eda.<\/p>\n<p>Vissir \u00fe\u00fa a\u00f0 \u00fea\u00f0 \u00fearf 30 r\u00f3sir til \u00feess a\u00f0 gera 1 dropa af ilmkjarnaol\u00edu?<\/p>","protected":false},"featured_media":42332,"comment_status":"closed","ping_status":"open","template":"","meta":[],"product_brand":[],"product_cat":[224,108],"product_tag":[],"class_list":{"0":"post-52701","1":"product","2":"type-product","3":"status-publish","4":"has-post-thumbnail","6":"product_cat-ilmkjarnaoliur-oliur","7":"product_cat-oliur","9":"first","10":"instock","11":"shipping-taxable","12":"purchasable","13":"product-type-simple"},"_links":{"self":[{"href":"https:\/\/ilmoliulampar.is\/en_gb\/wp-json\/wp\/v2\/product\/52701","targetHints":{"allow":["GET"]}}],"collection":[{"href":"https:\/\/ilmoliulampar.is\/en_gb\/wp-json\/wp\/v2\/product"}],"about":[{"href":"https:\/\/ilmoliulampar.is\/en_gb\/wp-json\/wp\/v2\/types\/product"}],"replies":[{"embeddable":true,"href":"https:\/\/ilmoliulampar.is\/en_gb\/wp-json\/wp\/v2\/comments?post=52701"}],"wp:featuredmedia":[{"embeddable":true,"href":"https:\/\/ilmoliulampar.is\/en_gb\/wp-json\/wp\/v2\/media\/42332"}],"wp:attachment":[{"href":"https:\/\/ilmoliulampar.is\/en_gb\/wp-json\/wp\/v2\/media?parent=52701"}],"wp:term":[{"taxonomy":"product_brand","embeddable":true,"href":"https:\/\/ilmoliulampar.is\/en_gb\/wp-json\/wp\/v2\/product_brand?post=52701"},{"taxonomy":"product_cat","embeddable":true,"href":"https:\/\/ilmoliulampar.is\/en_gb\/wp-json\/wp\/v2\/product_cat?post=52701"},{"taxonomy":"product_tag","embeddable":true,"href":"https:\/\/ilmoliulampar.is\/en_gb\/wp-json\/wp\/v2\/product_tag?post=52701"}],"curies":[{"name":"wp","href":"https:\/\/api.w.org\/{rel}","templated":true}]}}