{"id":52702,"date":"2020-12-11T17:52:23","date_gmt":"2020-12-11T17:52:23","guid":{"rendered":"https:\/\/new.ilmoliulampar.is\/product\/rosewood\/"},"modified":"2024-07-11T16:43:20","modified_gmt":"2024-07-11T16:43:20","slug":"rosewood","status":"publish","type":"product","link":"https:\/\/ilmoliulampar.is\/en_gb\/product\/rosewood\/","title":{"rendered":"Rosewood"},"content":{"rendered":"","protected":false},"excerpt":{"rendered":"<p>Hrein Rosewood ilmkjarnaol\u00eda<\/p>\n<p>Rosewood er mj\u00f6g g\u00f3\u00f0 fyrir h\u00fa\u00f0ina, hj\u00e1lpar til vi\u00f0 \u00feunglyndi, deyf\u00f0 og kv\u00ed\u00f0a (m\u00e1 nota \u00e1 me\u00f0g\u00f6ngu).\u00a0\u00deessi ol\u00eda er einnig mj\u00f6g g\u00f3\u00f0 til a\u00f0 hj\u00e1lpa me\u00f0 svefnleysi og kv\u00ed\u00f0a hj\u00e1 b\u00f6rnum. Rosewood styrkir h\u00fa\u00f0ina, h\u00e6gir \u00e1 \u00f6ldrun h\u00fa\u00f0arinnar. Rosewood er mj\u00f6g slakandi og r\u00f3andi fyrir l\u00edkama og s\u00e1l, rosalega g\u00f3\u00f0 huglei\u00f0sluol\u00eda. H\u00fan virkar vel \u00e1 h\u00f6fu\u00f0verk, einnig er eykur h\u00fan athygli og minni\u00f0 ver\u00f0ur betra!<\/p>\n<p>Ilmurinn af Rosewood kemur \u00e1 \u00f3vart, h\u00fan er fersk, l\u00e9tt, sm\u00e1 s\u00edtrus kennd en samt svona jar\u00f0ar- og vi\u00f0ar n\u00f3tur, mj\u00f6g g\u00f3\u00f0 og alls ekki \u00feung.<\/p>\n<p>&nbsp;<\/p>","protected":false},"featured_media":42337,"comment_status":"closed","ping_status":"open","template":"","meta":[],"product_brand":[],"product_cat":[224,108],"product_tag":[],"class_list":{"0":"post-52702","1":"product","2":"type-product","3":"status-publish","4":"has-post-thumbnail","6":"product_cat-ilmkjarnaoliur-oliur","7":"product_cat-oliur","9":"first","10":"instock","11":"shipping-taxable","12":"purchasable","13":"product-type-simple"},"_links":{"self":[{"href":"https:\/\/ilmoliulampar.is\/en_gb\/wp-json\/wp\/v2\/product\/52702","targetHints":{"allow":["GET"]}}],"collection":[{"href":"https:\/\/ilmoliulampar.is\/en_gb\/wp-json\/wp\/v2\/product"}],"about":[{"href":"https:\/\/ilmoliulampar.is\/en_gb\/wp-json\/wp\/v2\/types\/product"}],"replies":[{"embeddable":true,"href":"https:\/\/ilmoliulampar.is\/en_gb\/wp-json\/wp\/v2\/comments?post=52702"}],"wp:featuredmedia":[{"embeddable":true,"href":"https:\/\/ilmoliulampar.is\/en_gb\/wp-json\/wp\/v2\/media\/42337"}],"wp:attachment":[{"href":"https:\/\/ilmoliulampar.is\/en_gb\/wp-json\/wp\/v2\/media?parent=52702"}],"wp:term":[{"taxonomy":"product_brand","embeddable":true,"href":"https:\/\/ilmoliulampar.is\/en_gb\/wp-json\/wp\/v2\/product_brand?post=52702"},{"taxonomy":"product_cat","embeddable":true,"href":"https:\/\/ilmoliulampar.is\/en_gb\/wp-json\/wp\/v2\/product_cat?post=52702"},{"taxonomy":"product_tag","embeddable":true,"href":"https:\/\/ilmoliulampar.is\/en_gb\/wp-json\/wp\/v2\/product_tag?post=52702"}],"curies":[{"name":"wp","href":"https:\/\/api.w.org\/{rel}","templated":true}]}}