{"id":52722,"date":"2020-12-22T17:05:14","date_gmt":"2020-12-22T17:05:14","guid":{"rendered":"https:\/\/new.ilmoliulampar.is\/product\/noel-crabtree-evelyn-style\/"},"modified":"2025-06-23T11:40:08","modified_gmt":"2025-06-23T11:40:08","slug":"noel-crabtree-evelyn-style","status":"publish","type":"product","link":"https:\/\/ilmoliulampar.is\/en_gb\/product\/noel-crabtree-evelyn-style\/","title":{"rendered":"Noel, Crabtree &#038; Evelyn style"},"content":{"rendered":"","protected":false},"excerpt":{"rendered":"<p>Noel ilmol\u00eda &#8211; Crabtree &amp; Evelyn type<\/p>\n<p>Hinn eini sanni j\u00f3lailmur fr\u00e1 Crabtree &amp; Evelyn er n\u00fa loksins f\u00e1anlegur \u00ed ilmol\u00edu!<\/p>\n<p>&nbsp;<\/p>\n<p>&nbsp;<\/p>\n<p>(Ath um er a\u00f0 r\u00e6\u00f0a ilmol\u00edu, myndin er notu\u00f0 til \u00feess a\u00f0 l\u00fdsa ilminum sem \u00e1tt er vi\u00f0, ol\u00edan er ekki fr\u00e1 C&amp;E, heldur\u00a0 samskonar ilmol\u00eda)<\/p>","protected":false},"featured_media":42363,"comment_status":"closed","ping_status":"closed","template":"","meta":[],"product_brand":[],"product_cat":[136,197,108],"product_tag":[],"class_list":{"0":"post-52722","1":"product","2":"type-product","3":"status-publish","4":"has-post-thumbnail","6":"product_cat-jol","7":"product_cat-jolaoliur-oliur","8":"product_cat-oliur","10":"first","11":"instock","12":"shipping-taxable","13":"purchasable","14":"product-type-simple"},"_links":{"self":[{"href":"https:\/\/ilmoliulampar.is\/en_gb\/wp-json\/wp\/v2\/product\/52722","targetHints":{"allow":["GET"]}}],"collection":[{"href":"https:\/\/ilmoliulampar.is\/en_gb\/wp-json\/wp\/v2\/product"}],"about":[{"href":"https:\/\/ilmoliulampar.is\/en_gb\/wp-json\/wp\/v2\/types\/product"}],"replies":[{"embeddable":true,"href":"https:\/\/ilmoliulampar.is\/en_gb\/wp-json\/wp\/v2\/comments?post=52722"}],"wp:featuredmedia":[{"embeddable":true,"href":"https:\/\/ilmoliulampar.is\/en_gb\/wp-json\/wp\/v2\/media\/42363"}],"wp:attachment":[{"href":"https:\/\/ilmoliulampar.is\/en_gb\/wp-json\/wp\/v2\/media?parent=52722"}],"wp:term":[{"taxonomy":"product_brand","embeddable":true,"href":"https:\/\/ilmoliulampar.is\/en_gb\/wp-json\/wp\/v2\/product_brand?post=52722"},{"taxonomy":"product_cat","embeddable":true,"href":"https:\/\/ilmoliulampar.is\/en_gb\/wp-json\/wp\/v2\/product_cat?post=52722"},{"taxonomy":"product_tag","embeddable":true,"href":"https:\/\/ilmoliulampar.is\/en_gb\/wp-json\/wp\/v2\/product_tag?post=52722"}],"curies":[{"name":"wp","href":"https:\/\/api.w.org\/{rel}","templated":true}]}}