{"id":52723,"date":"2020-12-30T17:04:08","date_gmt":"2020-12-30T17:04:08","guid":{"rendered":"https:\/\/new.ilmoliulampar.is\/product\/stratus-ilmoliulampi\/"},"modified":"2026-02-10T11:34:44","modified_gmt":"2026-02-10T11:34:44","slug":"stratus-ilmoliulampi","status":"publish","type":"product","link":"https:\/\/ilmoliulampar.is\/en_gb\/product\/stratus-ilmoliulampi\/","title":{"rendered":"STRATUS &#8211; ilmol\u00edulampi"},"content":{"rendered":"","protected":false},"excerpt":{"rendered":"<div class=\"kvgmc6g5 cxmmr5t8 oygrvhab hcukyx3x c1et5uql ii04i59q\">\n<div dir=\"auto\">STRATUS er hrikalega \u00f6flugt rakat\u00e6ki me\u00f0 400 ml vatnstank.<\/div>\n<div dir=\"auto\">Tilvalinn \u00ed svefnherbergi\u00f0, mj\u00f6g hlj\u00f3\u00f0l\u00e1tur&#8230;.. vi\u00f0 m\u00e6lum s\u00e9rstaklega me\u00f0 STRATUS \u00ed barnaherbergi\u00f0!<\/div>\n<\/div>\n<div class=\"o9v6fnle cxmmr5t8 oygrvhab hcukyx3x c1et5uql ii04i59q\">\n<div dir=\"auto\">Einfaldur og \u00fe\u00e6gilegur \u00ed notkun, me\u00f0 nokkrum lj\u00f3sastillingum, h\u00e6gt a\u00f0 hafa hann einlitan me\u00f0 daufu gulu lj\u00f3si e\u00f0a l\u00e1ta hann skipta \u00f6llum regnboganslitum.<\/div>\n<\/div>\n<div dir=\"auto\">Getur veri\u00f0 \u00ed gangi fr\u00e1 9-15 klst, fer eftir stillingu.<\/div>\n<div dir=\"auto\"><\/div>\n<div dir=\"auto\">St\u00e6r\u00f0: 13,6 cm x 13,6 cm x 14.85 cm<\/div>\n<div class=\"o9v6fnle cxmmr5t8 oygrvhab hcukyx3x c1et5uql ii04i59q\">\n<div dir=\"auto\"><\/div>\n<\/div>","protected":false},"featured_media":42366,"comment_status":"closed","ping_status":"closed","template":"","meta":[],"product_brand":[],"product_cat":[182,107],"product_tag":[],"class_list":{"0":"post-52723","1":"product","2":"type-product","3":"status-publish","4":"has-post-thumbnail","6":"product_cat-ilmoliulampar","7":"product_cat-lampar","9":"first","10":"outofstock","11":"shipping-taxable","12":"purchasable","13":"product-type-simple"},"_links":{"self":[{"href":"https:\/\/ilmoliulampar.is\/en_gb\/wp-json\/wp\/v2\/product\/52723","targetHints":{"allow":["GET"]}}],"collection":[{"href":"https:\/\/ilmoliulampar.is\/en_gb\/wp-json\/wp\/v2\/product"}],"about":[{"href":"https:\/\/ilmoliulampar.is\/en_gb\/wp-json\/wp\/v2\/types\/product"}],"replies":[{"embeddable":true,"href":"https:\/\/ilmoliulampar.is\/en_gb\/wp-json\/wp\/v2\/comments?post=52723"}],"wp:featuredmedia":[{"embeddable":true,"href":"https:\/\/ilmoliulampar.is\/en_gb\/wp-json\/wp\/v2\/media\/42366"}],"wp:attachment":[{"href":"https:\/\/ilmoliulampar.is\/en_gb\/wp-json\/wp\/v2\/media?parent=52723"}],"wp:term":[{"taxonomy":"product_brand","embeddable":true,"href":"https:\/\/ilmoliulampar.is\/en_gb\/wp-json\/wp\/v2\/product_brand?post=52723"},{"taxonomy":"product_cat","embeddable":true,"href":"https:\/\/ilmoliulampar.is\/en_gb\/wp-json\/wp\/v2\/product_cat?post=52723"},{"taxonomy":"product_tag","embeddable":true,"href":"https:\/\/ilmoliulampar.is\/en_gb\/wp-json\/wp\/v2\/product_tag?post=52723"}],"curies":[{"name":"wp","href":"https:\/\/api.w.org\/{rel}","templated":true}]}}