{"id":52727,"date":"2021-01-21T14:33:24","date_gmt":"2021-01-21T14:33:24","guid":{"rendered":"https:\/\/new.ilmoliulampar.is\/product\/eco-by-sonya-purple-power-maski\/"},"modified":"2025-11-08T00:44:05","modified_gmt":"2025-11-08T00:44:05","slug":"eco-by-sonya-purple-power-maski","status":"publish","type":"product","link":"https:\/\/ilmoliulampar.is\/en_gb\/product\/eco-by-sonya-purple-power-maski\/","title":{"rendered":"Eco by Sonya &#8211; Purple Power Maski"},"content":{"rendered":"","protected":false},"excerpt":{"rendered":"<p>PURPLE POWER MASKI<\/p>\n<p>\u00deessi maski er yfirn\u00e1tt\u00farulegur! Hreinsi-&amp; sl\u00f6kunarmaski \u00e1 sama t\u00edma. S\u00e9rstaklega hreinsandi og st\u00fatfullur af andoxunarefnum, Purple Power er b\u00f3lgu ey\u00f0andi og hentar fullkomnlega fyrir allar h\u00fa\u00f0ger\u00f0ir.<\/p>\n<p>** R\u00e1\u00f0** Fullkomin sem &#8222;fyrir f\u00f6r\u00f0un&#8220; maski&#8230;&#8230; h\u00fa\u00f0in ver\u00f0ur svo f\u00edn og meiki\u00f0 ver\u00f0ur enn fallegra \u00e1 h\u00fa\u00f0inni!<\/p>","protected":false},"featured_media":63901,"comment_status":"closed","ping_status":"closed","template":"","meta":[],"product_brand":[],"product_cat":[129,191],"product_tag":[],"class_list":{"0":"post-52727","1":"product","2":"type-product","3":"status-publish","4":"has-post-thumbnail","6":"product_cat-eco-by-sonya","7":"product_cat-hud-og-snyrtivorur","9":"first","10":"instock","11":"shipping-taxable","12":"purchasable","13":"product-type-simple"},"_links":{"self":[{"href":"https:\/\/ilmoliulampar.is\/en_gb\/wp-json\/wp\/v2\/product\/52727","targetHints":{"allow":["GET"]}}],"collection":[{"href":"https:\/\/ilmoliulampar.is\/en_gb\/wp-json\/wp\/v2\/product"}],"about":[{"href":"https:\/\/ilmoliulampar.is\/en_gb\/wp-json\/wp\/v2\/types\/product"}],"replies":[{"embeddable":true,"href":"https:\/\/ilmoliulampar.is\/en_gb\/wp-json\/wp\/v2\/comments?post=52727"}],"wp:featuredmedia":[{"embeddable":true,"href":"https:\/\/ilmoliulampar.is\/en_gb\/wp-json\/wp\/v2\/media\/63901"}],"wp:attachment":[{"href":"https:\/\/ilmoliulampar.is\/en_gb\/wp-json\/wp\/v2\/media?parent=52727"}],"wp:term":[{"taxonomy":"product_brand","embeddable":true,"href":"https:\/\/ilmoliulampar.is\/en_gb\/wp-json\/wp\/v2\/product_brand?post=52727"},{"taxonomy":"product_cat","embeddable":true,"href":"https:\/\/ilmoliulampar.is\/en_gb\/wp-json\/wp\/v2\/product_cat?post=52727"},{"taxonomy":"product_tag","embeddable":true,"href":"https:\/\/ilmoliulampar.is\/en_gb\/wp-json\/wp\/v2\/product_tag?post=52727"}],"curies":[{"name":"wp","href":"https:\/\/api.w.org\/{rel}","templated":true}]}}