{"id":52734,"date":"2021-03-24T16:44:49","date_gmt":"2021-03-24T16:44:49","guid":{"rendered":"https:\/\/new.ilmoliulampar.is\/product\/kiri-ilmoliulampi\/"},"modified":"2026-02-02T21:12:53","modified_gmt":"2026-02-02T21:12:53","slug":"kiri-ilmoliulampi","status":"publish","type":"product","link":"https:\/\/ilmoliulampar.is\/en_gb\/product\/kiri-ilmoliulampi\/","title":{"rendered":"KIRI &#8211; ilmol\u00edulampi"},"content":{"rendered":"","protected":false},"excerpt":{"rendered":"<p>KIRI er s\u00e1 allra \u00f6flugasti \u00ed ilmol\u00edulampa fj\u00f6lskyldunni! Kiri hentar s\u00e9rstaklega vel \u00ed st\u00e6rri r\u00fdmi \u00fear sem hann er me\u00f0 hvorki meira n\u00e9 minna en 700 ml vatnstank og getur veri\u00f0 \u00ed gangi \u00ed allt a\u00f0 23 klst \u00e1 einum tank. H\u00e6gt er a\u00f0 stilla gufumagn og mj\u00f6g einfalt a\u00f0 fylla \u00e1 tankinn. KIRI slekkur sj\u00e1lfur \u00e1 s\u00e9r \u00feegar vatni\u00f0 kl\u00e1rast.<\/p>\n<p>Hreinsar lofti\u00f0, gefur mikinn raka og g\u00f3\u00f0an ilm ef vill. Vi\u00f0 m\u00e6lum me\u00f0 hreinni Lemon e\u00f0a Peppermint ilmkjarnaol\u00edu ef \u00fe\u00fa vilt s\u00f3tthreinsa lofti\u00f0 \u00e1 n\u00e1tt\u00farulegan m\u00e1ta.\u00a0\u00dea\u00f0 er a\u00f0 sj\u00e1lfs\u00f6g\u00f0u h\u00e6gt a\u00f0 nota eing\u00f6ngu vatn \u00ed KIRI ef \u00fe\u00fa vilt ekki ilm.<\/p>\n<p>Falleg l\u00fdsing sem skiptir litum, einnig h\u00e6gt a\u00f0 festa inni einn lit \u00e1 lj\u00f3si\u00f0 a\u00f0 eigin vali, sem og sl\u00f6kkva \u00e1 lj\u00f3sinu og hafa bara rakann \u00ed gangi.<\/p>\n<p>&nbsp;<\/p>\n<p>St\u00e6r\u00f0: 15,4 cm x 19,2 cm<\/p>\n<p>Kraftur: 12 W<\/p>\n<p>DC 24 V<\/p>\n<p>St\u00e6r\u00f0 vatnstanks: 700 ml<\/p>","protected":false},"featured_media":42419,"comment_status":"closed","ping_status":"closed","template":"","meta":[],"product_brand":[],"product_cat":[182,107],"product_tag":[],"class_list":{"0":"post-52734","1":"product","2":"type-product","3":"status-publish","4":"has-post-thumbnail","6":"product_cat-ilmoliulampar","7":"product_cat-lampar","9":"first","10":"instock","11":"shipping-taxable","12":"purchasable","13":"product-type-simple"},"_links":{"self":[{"href":"https:\/\/ilmoliulampar.is\/en_gb\/wp-json\/wp\/v2\/product\/52734","targetHints":{"allow":["GET"]}}],"collection":[{"href":"https:\/\/ilmoliulampar.is\/en_gb\/wp-json\/wp\/v2\/product"}],"about":[{"href":"https:\/\/ilmoliulampar.is\/en_gb\/wp-json\/wp\/v2\/types\/product"}],"replies":[{"embeddable":true,"href":"https:\/\/ilmoliulampar.is\/en_gb\/wp-json\/wp\/v2\/comments?post=52734"}],"wp:featuredmedia":[{"embeddable":true,"href":"https:\/\/ilmoliulampar.is\/en_gb\/wp-json\/wp\/v2\/media\/42419"}],"wp:attachment":[{"href":"https:\/\/ilmoliulampar.is\/en_gb\/wp-json\/wp\/v2\/media?parent=52734"}],"wp:term":[{"taxonomy":"product_brand","embeddable":true,"href":"https:\/\/ilmoliulampar.is\/en_gb\/wp-json\/wp\/v2\/product_brand?post=52734"},{"taxonomy":"product_cat","embeddable":true,"href":"https:\/\/ilmoliulampar.is\/en_gb\/wp-json\/wp\/v2\/product_cat?post=52734"},{"taxonomy":"product_tag","embeddable":true,"href":"https:\/\/ilmoliulampar.is\/en_gb\/wp-json\/wp\/v2\/product_tag?post=52734"}],"curies":[{"name":"wp","href":"https:\/\/api.w.org\/{rel}","templated":true}]}}