{"id":52735,"date":"2021-03-02T12:00:44","date_gmt":"2021-03-02T12:00:44","guid":{"rendered":"https:\/\/new.ilmoliulampar.is\/product\/april-fresh-downy\/"},"modified":"2025-11-08T13:33:26","modified_gmt":"2025-11-08T13:33:26","slug":"april-fresh-downy","status":"publish","type":"product","link":"https:\/\/ilmoliulampar.is\/en_gb\/product\/april-fresh-downy\/","title":{"rendered":"APRIL FRESH &#8211; DOWNY"},"content":{"rendered":"","protected":false},"excerpt":{"rendered":"<p>April Fresh &#8211; Downy &#8211; \u00feessi vins\u00e6li ilmur er n\u00fa f\u00e1anlegur \u00ed ilmol\u00edu!<\/p>\n<p>Una\u00f0slegur, l\u00e9ttur, mj\u00fakur og \u00fe\u00e6gilegur ilmur af hreinum, ferskum \u00fevotti sem hefur hangi\u00f0 \u00fat \u00e1 sn\u00faru, er til eitthva\u00f0 betra en \u00fea\u00f0?! Vi\u00f0 h\u00f6ldum ekki!<\/p>\n<p>&nbsp;<\/p>\n<p>&nbsp;<\/p>\n<p>&nbsp;<\/p>\n<p>&nbsp;<\/p>\n<p>(Ath, um er a\u00f0 r\u00e6\u00f0a ilmol\u00edu,ekki ilmk\u00falur, myndin er notu\u00f0 til \u00feess a\u00f0 l\u00fdsa ilminum sem um r\u00e6\u00f0ir)<\/p>","protected":false},"featured_media":42426,"comment_status":"closed","ping_status":"closed","template":"","meta":[],"product_brand":[],"product_cat":[195,108],"product_tag":[],"class_list":{"0":"post-52735","1":"product","2":"type-product","3":"status-publish","4":"has-post-thumbnail","6":"product_cat-ilmoliur-oliur","7":"product_cat-oliur","9":"first","10":"instock","11":"shipping-taxable","12":"purchasable","13":"product-type-simple"},"_links":{"self":[{"href":"https:\/\/ilmoliulampar.is\/en_gb\/wp-json\/wp\/v2\/product\/52735","targetHints":{"allow":["GET"]}}],"collection":[{"href":"https:\/\/ilmoliulampar.is\/en_gb\/wp-json\/wp\/v2\/product"}],"about":[{"href":"https:\/\/ilmoliulampar.is\/en_gb\/wp-json\/wp\/v2\/types\/product"}],"replies":[{"embeddable":true,"href":"https:\/\/ilmoliulampar.is\/en_gb\/wp-json\/wp\/v2\/comments?post=52735"}],"wp:featuredmedia":[{"embeddable":true,"href":"https:\/\/ilmoliulampar.is\/en_gb\/wp-json\/wp\/v2\/media\/42426"}],"wp:attachment":[{"href":"https:\/\/ilmoliulampar.is\/en_gb\/wp-json\/wp\/v2\/media?parent=52735"}],"wp:term":[{"taxonomy":"product_brand","embeddable":true,"href":"https:\/\/ilmoliulampar.is\/en_gb\/wp-json\/wp\/v2\/product_brand?post=52735"},{"taxonomy":"product_cat","embeddable":true,"href":"https:\/\/ilmoliulampar.is\/en_gb\/wp-json\/wp\/v2\/product_cat?post=52735"},{"taxonomy":"product_tag","embeddable":true,"href":"https:\/\/ilmoliulampar.is\/en_gb\/wp-json\/wp\/v2\/product_tag?post=52735"}],"curies":[{"name":"wp","href":"https:\/\/api.w.org\/{rel}","templated":true}]}}