{"id":52736,"date":"2021-03-10T13:35:09","date_gmt":"2021-03-10T13:35:09","guid":{"rendered":"https:\/\/new.ilmoliulampar.is\/product\/rapid-lash-2\/"},"modified":"2025-11-03T13:23:46","modified_gmt":"2025-11-03T13:23:46","slug":"rapid-lash-2","status":"publish","type":"product","link":"https:\/\/ilmoliulampar.is\/en_gb\/product\/rapid-lash-2\/","title":{"rendered":"Rapid Lash &#8211; Augnh\u00e1ra serum"},"content":{"rendered":"","protected":false},"excerpt":{"rendered":"<p>RapidLash augnh\u00e1ra serum er ver\u00f0launa form\u00fala sem eflir \u00fatlit augnh\u00e1ranna og gerir \u00feau fallegri \u00e1 a\u00f0eins 30 d\u00f6gum. Serumi\u00f0 inniheldur Hexatein 1 sem er h\u00e1\u00fer\u00f3u\u00f0 blanda af fj\u00f6lpept\u00ed\u00f0, am\u00edn\u00f3s\u00fdrum, graskersfr\u00e6kjarna, b\u00ed\u00f3t\u00edn og pan\u00feen\u00f3l. \u00deessi blanda hj\u00e1lpar til vi\u00f0 a\u00f0 styrkja og byggja upp augnh\u00e1rin.<\/p>\n<p><strong>RapidLash:<\/strong><\/p>\n<ul>\n<li>Hefur veri\u00f0 prufa\u00f0 af augnl\u00e6knum og h\u00fa\u00f0sj\u00fakd\u00f3mal\u00e6knum.<\/li>\n<li>Inniheldur engin lyktarefni<\/li>\n<li>Er laust vi\u00f0 Paraben<\/li>\n<li>Vegan og cruelty free.<\/li>\n<li>Er \u00f6ruggt fyrir \u00fe\u00e1 sem eru me\u00f0 augnlinsur og augnh\u00e1ralengingar.<\/li>\n<\/ul>\n<h3>Notkunarlei\u00f0beiningar<\/h3>\n<ol>\n<li>Rapidlash er bori\u00f0 \u00ed r\u00f3t augnh\u00e1ranna eins og eyeliner einu sinni \u00e1 dag.<\/li>\n<li>Til \u00feess a\u00f0 sj\u00e1 sem mestan \u00e1rangur er r\u00e1\u00f0lagt a\u00f0 nota RapidLash \u00ed 4-8 vikur.<\/li>\n<li>Eftir \u00feann t\u00edma er mikilv\u00e6gt a\u00f0 halda \u00e1fram a\u00f0 nota RapidLash til a\u00f0 vi\u00f0halda \u00e1rangrinum en \u00fe\u00e1 m\u00e1 minnka notkun ni\u00f0ur \u00ed 3-4 sinnum \u00ed viku.<\/li>\n<li>\u00c6skilegt er a\u00f0 leyfa form\u00falunni a\u00f0 \u00feorna \u00ed 1-2 m\u00edn\u00fatur \u00e1\u00f0ur en a\u00f0 augnfar\u00f0i er settur \u00e1.<\/li>\n<\/ol>","protected":false},"featured_media":42435,"comment_status":"closed","ping_status":"closed","template":"","meta":[],"product_brand":[],"product_cat":[191,212],"product_tag":[],"class_list":{"0":"post-52736","1":"product","2":"type-product","3":"status-publish","4":"has-post-thumbnail","6":"product_cat-hud-og-snyrtivorur","7":"product_cat-rapid-lash-2","9":"first","10":"outofstock","11":"shipping-taxable","12":"purchasable","13":"product-type-simple"},"_links":{"self":[{"href":"https:\/\/ilmoliulampar.is\/en_gb\/wp-json\/wp\/v2\/product\/52736","targetHints":{"allow":["GET"]}}],"collection":[{"href":"https:\/\/ilmoliulampar.is\/en_gb\/wp-json\/wp\/v2\/product"}],"about":[{"href":"https:\/\/ilmoliulampar.is\/en_gb\/wp-json\/wp\/v2\/types\/product"}],"replies":[{"embeddable":true,"href":"https:\/\/ilmoliulampar.is\/en_gb\/wp-json\/wp\/v2\/comments?post=52736"}],"wp:featuredmedia":[{"embeddable":true,"href":"https:\/\/ilmoliulampar.is\/en_gb\/wp-json\/wp\/v2\/media\/42435"}],"wp:attachment":[{"href":"https:\/\/ilmoliulampar.is\/en_gb\/wp-json\/wp\/v2\/media?parent=52736"}],"wp:term":[{"taxonomy":"product_brand","embeddable":true,"href":"https:\/\/ilmoliulampar.is\/en_gb\/wp-json\/wp\/v2\/product_brand?post=52736"},{"taxonomy":"product_cat","embeddable":true,"href":"https:\/\/ilmoliulampar.is\/en_gb\/wp-json\/wp\/v2\/product_cat?post=52736"},{"taxonomy":"product_tag","embeddable":true,"href":"https:\/\/ilmoliulampar.is\/en_gb\/wp-json\/wp\/v2\/product_tag?post=52736"}],"curies":[{"name":"wp","href":"https:\/\/api.w.org\/{rel}","templated":true}]}}