{"id":52739,"date":"2021-03-10T13:43:21","date_gmt":"2021-03-10T13:43:21","guid":{"rendered":"https:\/\/new.ilmoliulampar.is\/product\/rapid-eye-augnkrem\/"},"modified":"2023-03-29T13:00:14","modified_gmt":"2023-03-29T13:00:14","slug":"rapid-eye-augnkrem","status":"publish","type":"product","link":"https:\/\/ilmoliulampar.is\/en_gb\/product\/rapid-eye-augnkrem\/","title":{"rendered":"Rapid Eye &#8211; Augnkrem"},"content":{"rendered":"","protected":false},"excerpt":{"rendered":"<p>RapidEye er fr\u00e1b\u00e6rt augnkrem sem a\u00f0 b\u00e6tir \u00fatlit h\u00fa\u00f0arinnar \u00ed kring um augnsv\u00e6\u00f0i\u00f0 \u00e1 a\u00f0eins 60 d\u00f6gum. RapidEye inniheldur Hexatein 6 sem er h\u00e1\u00fer\u00f3u\u00f0 blanda af pept\u00ed\u00f0, natr\u00edum h\u00fdal\u00faronat, A-v\u00edtam\u00edn (retinol), koff\u00edni, shea butter og r\u00f3smar\u00ednkjarna. \u00deessi blanda er \u00e1kaflega n\u00e6randi og rakagefandi og veitir h\u00fa\u00f0inni \u00ed kringum augnsv\u00e6\u00f0i\u00f0 sl\u00e9ttara og bjartara \u00fatlit.<\/p>\n<p>RapidEye er prufu\u00f0 af h\u00fa\u00f0 og augnl\u00e6knum.<\/p>\n<h3>Notkunarlei\u00f0beiningar<\/h3>\n<ol>\n<li>Beri\u00f0 RapidEye \u00e1 hreina h\u00fa\u00f0 \u00ed kring um augnsv\u00e6\u00f0i\u00f0 2x \u00e1 dag, kv\u00f6lds og morgna.<\/li>\n<li>Leyfi\u00f0 kreminu a\u00f0 \u00feorna \u00e1\u00f0ur en far\u00f0i er borinn \u00e1 andliti\u00f0.<\/li>\n<li>Beri\u00f0 augnkremi\u00f0 fr\u00e1 innra augnsv\u00e6\u00f0i til hins ytra og upp undir augabr\u00fanirnar.<\/li>\n<li>Til \u00feess a\u00f0 sj\u00e1 sem mestan \u00e1rangur er \u00e6skilegt a\u00f0 nota RapidEye \u00ed 6-8 vikur. &#8211;<\/li>\n<\/ol>","protected":false},"featured_media":42456,"comment_status":"closed","ping_status":"closed","template":"","meta":[],"product_brand":[],"product_cat":[191,212],"product_tag":[],"class_list":{"0":"post-52739","1":"product","2":"type-product","3":"status-publish","4":"has-post-thumbnail","6":"product_cat-hud-og-snyrtivorur","7":"product_cat-rapid-lash-2","9":"first","10":"outofstock","11":"sale","12":"shipping-taxable","13":"purchasable","14":"product-type-simple"},"_links":{"self":[{"href":"https:\/\/ilmoliulampar.is\/en_gb\/wp-json\/wp\/v2\/product\/52739","targetHints":{"allow":["GET"]}}],"collection":[{"href":"https:\/\/ilmoliulampar.is\/en_gb\/wp-json\/wp\/v2\/product"}],"about":[{"href":"https:\/\/ilmoliulampar.is\/en_gb\/wp-json\/wp\/v2\/types\/product"}],"replies":[{"embeddable":true,"href":"https:\/\/ilmoliulampar.is\/en_gb\/wp-json\/wp\/v2\/comments?post=52739"}],"wp:featuredmedia":[{"embeddable":true,"href":"https:\/\/ilmoliulampar.is\/en_gb\/wp-json\/wp\/v2\/media\/42456"}],"wp:attachment":[{"href":"https:\/\/ilmoliulampar.is\/en_gb\/wp-json\/wp\/v2\/media?parent=52739"}],"wp:term":[{"taxonomy":"product_brand","embeddable":true,"href":"https:\/\/ilmoliulampar.is\/en_gb\/wp-json\/wp\/v2\/product_brand?post=52739"},{"taxonomy":"product_cat","embeddable":true,"href":"https:\/\/ilmoliulampar.is\/en_gb\/wp-json\/wp\/v2\/product_cat?post=52739"},{"taxonomy":"product_tag","embeddable":true,"href":"https:\/\/ilmoliulampar.is\/en_gb\/wp-json\/wp\/v2\/product_tag?post=52739"}],"curies":[{"name":"wp","href":"https:\/\/api.w.org\/{rel}","templated":true}]}}