{"id":52743,"date":"2021-03-26T12:36:42","date_gmt":"2021-03-26T12:36:42","guid":{"rendered":"https:\/\/new.ilmoliulampar.is\/product\/cactus-blossom\/"},"modified":"2025-11-08T13:41:16","modified_gmt":"2025-11-08T13:41:16","slug":"cactus-blossom","status":"publish","type":"product","link":"https:\/\/ilmoliulampar.is\/en_gb\/product\/cactus-blossom\/","title":{"rendered":"CACTUS BLOSSOM &#8211; BBW"},"content":{"rendered":"","protected":false},"excerpt":{"rendered":"<p>Cactus Blossom, Bath &amp; Bodyworks type &#8211;\u00a0<strong>ilmol\u00eda<\/strong><\/p>\n<p>\u00c6\u00f0islegur, mildur og l\u00e9ttur ilmur af bl\u00f3mstrandi kaktus, liljum og bleikum r\u00f3sum \u00ed bland vi\u00f0 krema\u00f0an k\u00f3kos, Amber, musk og Sandalwood.<\/p>\n<p>&nbsp;<\/p>\n<p>(Ath, um er a\u00f0 r\u00e6\u00f0a ilmol\u00edu, ekki ilmsprey fr\u00e1 Bath &amp; Bodyworks)<\/p>","protected":false},"featured_media":42470,"comment_status":"closed","ping_status":"closed","template":"","meta":[],"product_brand":[],"product_cat":[195,108],"product_tag":[],"class_list":{"0":"post-52743","1":"product","2":"type-product","3":"status-publish","4":"has-post-thumbnail","6":"product_cat-ilmoliur-oliur","7":"product_cat-oliur","9":"first","10":"instock","11":"shipping-taxable","12":"purchasable","13":"product-type-simple"},"_links":{"self":[{"href":"https:\/\/ilmoliulampar.is\/en_gb\/wp-json\/wp\/v2\/product\/52743","targetHints":{"allow":["GET"]}}],"collection":[{"href":"https:\/\/ilmoliulampar.is\/en_gb\/wp-json\/wp\/v2\/product"}],"about":[{"href":"https:\/\/ilmoliulampar.is\/en_gb\/wp-json\/wp\/v2\/types\/product"}],"replies":[{"embeddable":true,"href":"https:\/\/ilmoliulampar.is\/en_gb\/wp-json\/wp\/v2\/comments?post=52743"}],"wp:featuredmedia":[{"embeddable":true,"href":"https:\/\/ilmoliulampar.is\/en_gb\/wp-json\/wp\/v2\/media\/42470"}],"wp:attachment":[{"href":"https:\/\/ilmoliulampar.is\/en_gb\/wp-json\/wp\/v2\/media?parent=52743"}],"wp:term":[{"taxonomy":"product_brand","embeddable":true,"href":"https:\/\/ilmoliulampar.is\/en_gb\/wp-json\/wp\/v2\/product_brand?post=52743"},{"taxonomy":"product_cat","embeddable":true,"href":"https:\/\/ilmoliulampar.is\/en_gb\/wp-json\/wp\/v2\/product_cat?post=52743"},{"taxonomy":"product_tag","embeddable":true,"href":"https:\/\/ilmoliulampar.is\/en_gb\/wp-json\/wp\/v2\/product_tag?post=52743"}],"curies":[{"name":"wp","href":"https:\/\/api.w.org\/{rel}","templated":true}]}}