{"id":52744,"date":"2021-03-26T12:44:59","date_gmt":"2021-03-26T12:44:59","guid":{"rendered":"https:\/\/new.ilmoliulampar.is\/product\/jungle-lilly\/"},"modified":"2026-03-11T13:41:25","modified_gmt":"2026-03-11T13:41:25","slug":"jungle-lilly","status":"publish","type":"product","link":"https:\/\/ilmoliulampar.is\/en_gb\/product\/jungle-lilly\/","title":{"rendered":"JUNGLE LILY &#8211; VS"},"content":{"rendered":"","protected":false},"excerpt":{"rendered":"<p>Jungle Lily &#8211; Victoria\u00b4s Secret type.<\/p>\n<p>\u00c6\u00f0isleg ilmol\u00eda sem minnir \u00e1 str\u00f6ndina&#8230;. Ferskt salt sj\u00e1varmistur og liljur, bl\u00f3mstrandi Jasm\u00edn og p\u00e1lma lauf!<\/p>\n<p>L\u00e9ttur og hreinn ilmur.<\/p>\n<p>&nbsp;<\/p>\n<p><em>(Athugi\u00f0, um er a\u00f0 r\u00e6\u00f0a ilmol\u00edu, myndin er notu\u00f0 til \u00feess a\u00f0 l\u00fdsa ilminum af ol\u00edunni.)<\/em><\/p>","protected":false},"featured_media":42475,"comment_status":"closed","ping_status":"closed","template":"","meta":[],"product_brand":[],"product_cat":[195,108],"product_tag":[],"class_list":{"0":"post-52744","1":"product","2":"type-product","3":"status-publish","4":"has-post-thumbnail","6":"product_cat-ilmoliur-oliur","7":"product_cat-oliur","9":"first","10":"instock","11":"shipping-taxable","12":"purchasable","13":"product-type-simple"},"_links":{"self":[{"href":"https:\/\/ilmoliulampar.is\/en_gb\/wp-json\/wp\/v2\/product\/52744","targetHints":{"allow":["GET"]}}],"collection":[{"href":"https:\/\/ilmoliulampar.is\/en_gb\/wp-json\/wp\/v2\/product"}],"about":[{"href":"https:\/\/ilmoliulampar.is\/en_gb\/wp-json\/wp\/v2\/types\/product"}],"replies":[{"embeddable":true,"href":"https:\/\/ilmoliulampar.is\/en_gb\/wp-json\/wp\/v2\/comments?post=52744"}],"wp:featuredmedia":[{"embeddable":true,"href":"https:\/\/ilmoliulampar.is\/en_gb\/wp-json\/wp\/v2\/media\/42475"}],"wp:attachment":[{"href":"https:\/\/ilmoliulampar.is\/en_gb\/wp-json\/wp\/v2\/media?parent=52744"}],"wp:term":[{"taxonomy":"product_brand","embeddable":true,"href":"https:\/\/ilmoliulampar.is\/en_gb\/wp-json\/wp\/v2\/product_brand?post=52744"},{"taxonomy":"product_cat","embeddable":true,"href":"https:\/\/ilmoliulampar.is\/en_gb\/wp-json\/wp\/v2\/product_cat?post=52744"},{"taxonomy":"product_tag","embeddable":true,"href":"https:\/\/ilmoliulampar.is\/en_gb\/wp-json\/wp\/v2\/product_tag?post=52744"}],"curies":[{"name":"wp","href":"https:\/\/api.w.org\/{rel}","templated":true}]}}