{"id":52746,"date":"2021-03-27T13:17:15","date_gmt":"2021-03-27T13:17:15","guid":{"rendered":"https:\/\/new.ilmoliulampar.is\/product\/eco-by-sonya-hand-and-nail-cream\/"},"modified":"2025-06-20T15:23:34","modified_gmt":"2025-06-20T15:23:34","slug":"eco-by-sonya-hand-and-nail-cream","status":"publish","type":"product","link":"https:\/\/ilmoliulampar.is\/en_gb\/product\/eco-by-sonya-hand-and-nail-cream\/","title":{"rendered":"Eco by Sonya &#8211; Hand and Nail Cream"},"content":{"rendered":"","protected":false},"excerpt":{"rendered":"<p>\u00c6\u00f0islegur organic hand\u00e1bur\u00f0ur sem er algj\u00f6r &#8222;life-saver&#8220; fyrir \u00feurrar hendur!<\/p>\n<p>Inniheldur l\u00edfr\u00e6nt mang\u00f3, \u00a0C-v\u00edtam\u00edn, Aloe Vera og haf\u00feyrni.<\/p>\n<ul>\n<li>M\u00fdkir hendurnar auk \u00feess a\u00f0 veita h\u00fa\u00f0inni nau\u00f0synlegan raka og gr\u00e6\u00f0ir \u00feurra, gr\u00f3fa og stressa\u00f0a h\u00fa\u00f0.<\/li>\n<li>\u00d3tr\u00faleg virkni, st\u00fatfullur af v\u00edtam\u00ednum sem veitir h\u00fa\u00f0inni lj\u00f3ma og gerir \u00a0hana unglegri<\/li>\n<li>Fullur af andoxunarefnum og fitus\u00fdrum.<\/li>\n<\/ul>","protected":false},"featured_media":56713,"comment_status":"closed","ping_status":"closed","template":"","meta":[],"product_brand":[],"product_cat":[129,191],"product_tag":[],"class_list":{"0":"post-52746","1":"product","2":"type-product","3":"status-publish","4":"has-post-thumbnail","6":"product_cat-eco-by-sonya","7":"product_cat-hud-og-snyrtivorur","9":"first","10":"instock","11":"shipping-taxable","12":"purchasable","13":"product-type-simple"},"_links":{"self":[{"href":"https:\/\/ilmoliulampar.is\/en_gb\/wp-json\/wp\/v2\/product\/52746","targetHints":{"allow":["GET"]}}],"collection":[{"href":"https:\/\/ilmoliulampar.is\/en_gb\/wp-json\/wp\/v2\/product"}],"about":[{"href":"https:\/\/ilmoliulampar.is\/en_gb\/wp-json\/wp\/v2\/types\/product"}],"replies":[{"embeddable":true,"href":"https:\/\/ilmoliulampar.is\/en_gb\/wp-json\/wp\/v2\/comments?post=52746"}],"wp:featuredmedia":[{"embeddable":true,"href":"https:\/\/ilmoliulampar.is\/en_gb\/wp-json\/wp\/v2\/media\/56713"}],"wp:attachment":[{"href":"https:\/\/ilmoliulampar.is\/en_gb\/wp-json\/wp\/v2\/media?parent=52746"}],"wp:term":[{"taxonomy":"product_brand","embeddable":true,"href":"https:\/\/ilmoliulampar.is\/en_gb\/wp-json\/wp\/v2\/product_brand?post=52746"},{"taxonomy":"product_cat","embeddable":true,"href":"https:\/\/ilmoliulampar.is\/en_gb\/wp-json\/wp\/v2\/product_cat?post=52746"},{"taxonomy":"product_tag","embeddable":true,"href":"https:\/\/ilmoliulampar.is\/en_gb\/wp-json\/wp\/v2\/product_tag?post=52746"}],"curies":[{"name":"wp","href":"https:\/\/api.w.org\/{rel}","templated":true}]}}