{"id":52747,"date":"2021-03-29T12:49:56","date_gmt":"2021-03-29T12:49:56","guid":{"rendered":"https:\/\/new.ilmoliulampar.is\/product\/tobacco-leaf-amber\/"},"modified":"2025-11-08T13:30:41","modified_gmt":"2025-11-08T13:30:41","slug":"tobacco-leaf-amber","status":"publish","type":"product","link":"https:\/\/ilmoliulampar.is\/en_gb\/product\/tobacco-leaf-amber\/","title":{"rendered":"TOBACCO LEAF &#038; AMBER"},"content":{"rendered":"","protected":false},"excerpt":{"rendered":"<p>\u00deessi er v\u00e6gast sagt \u00c6\u00d0ISLEG! Hl\u00fd og notaleg, en samt svo fersk \u00e1 sama t\u00edma.<\/p>\n<p>T\u00f3bakslauf, heitt hunang og Amber&#8230;.. \u00ed bland vi\u00f0 s\u00edtrus og krydd!<\/p>","protected":false},"featured_media":42486,"comment_status":"closed","ping_status":"closed","template":"","meta":[],"product_brand":[],"product_cat":[195,108],"product_tag":[],"class_list":{"0":"post-52747","1":"product","2":"type-product","3":"status-publish","4":"has-post-thumbnail","6":"product_cat-ilmoliur-oliur","7":"product_cat-oliur","9":"first","10":"instock","11":"shipping-taxable","12":"purchasable","13":"product-type-simple"},"_links":{"self":[{"href":"https:\/\/ilmoliulampar.is\/en_gb\/wp-json\/wp\/v2\/product\/52747","targetHints":{"allow":["GET"]}}],"collection":[{"href":"https:\/\/ilmoliulampar.is\/en_gb\/wp-json\/wp\/v2\/product"}],"about":[{"href":"https:\/\/ilmoliulampar.is\/en_gb\/wp-json\/wp\/v2\/types\/product"}],"replies":[{"embeddable":true,"href":"https:\/\/ilmoliulampar.is\/en_gb\/wp-json\/wp\/v2\/comments?post=52747"}],"wp:featuredmedia":[{"embeddable":true,"href":"https:\/\/ilmoliulampar.is\/en_gb\/wp-json\/wp\/v2\/media\/42486"}],"wp:attachment":[{"href":"https:\/\/ilmoliulampar.is\/en_gb\/wp-json\/wp\/v2\/media?parent=52747"}],"wp:term":[{"taxonomy":"product_brand","embeddable":true,"href":"https:\/\/ilmoliulampar.is\/en_gb\/wp-json\/wp\/v2\/product_brand?post=52747"},{"taxonomy":"product_cat","embeddable":true,"href":"https:\/\/ilmoliulampar.is\/en_gb\/wp-json\/wp\/v2\/product_cat?post=52747"},{"taxonomy":"product_tag","embeddable":true,"href":"https:\/\/ilmoliulampar.is\/en_gb\/wp-json\/wp\/v2\/product_tag?post=52747"}],"curies":[{"name":"wp","href":"https:\/\/api.w.org\/{rel}","templated":true}]}}