{"id":52749,"date":"2021-04-08T12:20:59","date_gmt":"2021-04-08T12:20:59","guid":{"rendered":"https:\/\/new.ilmoliulampar.is\/product\/gull-ondin-golflampi\/"},"modified":"2024-12-03T13:15:16","modified_gmt":"2024-12-03T13:15:16","slug":"gull-ondin-golflampi","status":"publish","type":"product","link":"https:\/\/ilmoliulampar.is\/en_gb\/product\/gull-ondin-golflampi\/","title":{"rendered":"Ducky &#8211; G\u00f3lflampi (Gull \u00f6ndin)"},"content":{"rendered":"","protected":false},"excerpt":{"rendered":"<p>&#8222;Ducky&#8220; er st\u00f3rgl\u00e6silegur gylltur g\u00f3lflampi.<\/p>\n<p>H\u00e6\u00f0 : 90 cm<\/p>\n<p>Breidd: 41,5 Cm<\/p>\n<p>\u00d3tr\u00falega flott a\u00f0 hafa skrautperu \u00ed \u00feessum&#8230;.<\/p>\n<p>E27 pera ( Fylgir ekki me\u00f0 )<\/p>","protected":false},"featured_media":42492,"comment_status":"closed","ping_status":"closed","template":"","meta":[],"product_brand":[],"product_cat":[183,132],"product_tag":[],"class_list":{"0":"post-52749","1":"product","2":"type-product","3":"status-publish","4":"has-post-thumbnail","6":"product_cat-golflampar","7":"product_cat-heimilid-2","9":"first","10":"instock","11":"shipping-taxable","12":"purchasable","13":"product-type-simple"},"_links":{"self":[{"href":"https:\/\/ilmoliulampar.is\/en_gb\/wp-json\/wp\/v2\/product\/52749","targetHints":{"allow":["GET"]}}],"collection":[{"href":"https:\/\/ilmoliulampar.is\/en_gb\/wp-json\/wp\/v2\/product"}],"about":[{"href":"https:\/\/ilmoliulampar.is\/en_gb\/wp-json\/wp\/v2\/types\/product"}],"replies":[{"embeddable":true,"href":"https:\/\/ilmoliulampar.is\/en_gb\/wp-json\/wp\/v2\/comments?post=52749"}],"wp:featuredmedia":[{"embeddable":true,"href":"https:\/\/ilmoliulampar.is\/en_gb\/wp-json\/wp\/v2\/media\/42492"}],"wp:attachment":[{"href":"https:\/\/ilmoliulampar.is\/en_gb\/wp-json\/wp\/v2\/media?parent=52749"}],"wp:term":[{"taxonomy":"product_brand","embeddable":true,"href":"https:\/\/ilmoliulampar.is\/en_gb\/wp-json\/wp\/v2\/product_brand?post=52749"},{"taxonomy":"product_cat","embeddable":true,"href":"https:\/\/ilmoliulampar.is\/en_gb\/wp-json\/wp\/v2\/product_cat?post=52749"},{"taxonomy":"product_tag","embeddable":true,"href":"https:\/\/ilmoliulampar.is\/en_gb\/wp-json\/wp\/v2\/product_tag?post=52749"}],"curies":[{"name":"wp","href":"https:\/\/api.w.org\/{rel}","templated":true}]}}